{"id":530,"date":"2024-07-03T14:50:41","date_gmt":"2024-07-03T12:50:41","guid":{"rendered":"https:\/\/vigorous-meitner.89-188-72-178.plesk.page.linux213.curanetserver.dk\/?page_id=530"},"modified":"2025-10-28T11:36:38","modified_gmt":"2025-10-28T10:36:38","slug":"produktion","status":"publish","type":"page","link":"https:\/\/vigorous-meitner.89-188-72-178.plesk.page\/?page_id=530","title":{"rendered":"Produktion"},"content":{"rendered":"\t\t<div data-elementor-type=\"wp-page\" data-elementor-id=\"530\" class=\"elementor elementor-530\" data-elementor-post-type=\"page\">\n\t\t\t\t<header class=\"elementor-element elementor-element-7801c2d e-con-full elementor-hidden-mobile e-flex e-con e-parent\" data-id=\"7801c2d\" data-element_type=\"container\" data-e-type=\"container\">\n\t\t\t\t<div class=\"elementor-element elementor-element-cc04dd9 img-size elementor-hidden-mobile elementor-widget elementor-widget-image\" data-id=\"cc04dd9\" data-element_type=\"widget\" data-e-type=\"widget\" data-widget_type=\"image.default\">\n\t\t\t\t<div class=\"elementor-widget-container\">\n\t\t\t\t\t\t\t\t\t\t\t\t\t\t\t<img loading=\"lazy\" decoding=\"async\" loading=\"lazy\" width=\"1924\" height=\"1222\" src=\"https:\/\/vigorous-meitner.89-188-72-178.plesk.page\/wp-content\/uploads\/2024\/06\/Dragsbak-1-22-of-41-1.jpg\" class=\"attachment-full size-full wp-image-208\" alt=\"\" srcset=\"https:\/\/vigorous-meitner.89-188-72-178.plesk.page\/wp-content\/uploads\/2024\/06\/Dragsbak-1-22-of-41-1.jpg 1924w, https:\/\/vigorous-meitner.89-188-72-178.plesk.page\/wp-content\/uploads\/2024\/06\/Dragsbak-1-22-of-41-1-300x191.jpg 300w, https:\/\/vigorous-meitner.89-188-72-178.plesk.page\/wp-content\/uploads\/2024\/06\/Dragsbak-1-22-of-41-1-1024x650.jpg 1024w, https:\/\/vigorous-meitner.89-188-72-178.plesk.page\/wp-content\/uploads\/2024\/06\/Dragsbak-1-22-of-41-1-768x488.jpg 768w, https:\/\/vigorous-meitner.89-188-72-178.plesk.page\/wp-content\/uploads\/2024\/06\/Dragsbak-1-22-of-41-1-1536x976.jpg 1536w\" sizes=\"auto, (max-width: 1924px) 100vw, 1924px\" \/>\t\t\t\t\t\t\t\t\t\t\t\t\t\t\t<\/div>\n\t\t\t\t<\/div>\n\t\t<section class=\"elementor-element elementor-element-40d151e e-con-full e-flex e-con e-child\" data-id=\"40d151e\" data-element_type=\"container\" data-e-type=\"container\" data-settings=\"{&quot;position&quot;:&quot;absolute&quot;}\">\n\t\t<article class=\"elementor-element elementor-element-a8e0604 e-con-full e-flex e-con e-child\" data-id=\"a8e0604\" data-element_type=\"container\" data-e-type=\"container\">\n\t\t\t\t<div class=\"elementor-element elementor-element-2542539 elementor-widget elementor-widget-heading\" data-id=\"2542539\" data-element_type=\"widget\" data-e-type=\"widget\" data-widget_type=\"heading.default\">\n\t\t\t\t<div class=\"elementor-widget-container\">\n\t\t\t\t\t<h1 class=\"elementor-heading-title elementor-size-default\">Vores produktionssteder<\/h1>\t\t\t\t<\/div>\n\t\t\t\t<\/div>\n\t\t\t\t<div class=\"elementor-element elementor-element-491b818 elementor-widget elementor-widget-text-editor\" data-id=\"491b818\" data-element_type=\"widget\" data-e-type=\"widget\" data-widget_type=\"text-editor.default\">\n\t\t\t\t<div class=\"elementor-widget-container\">\n\t\t\t\t\t\t\t\t\t<p>Vi producerer stolt vores produkter ved forskellige topmoderne produktionssteder, med fire specialiserede produktioner lokalt i Jylland, samt en alsidig og omstillingsparat produktion i Litauen.<\/p>\t\t\t\t\t\t\t\t<\/div>\n\t\t\t\t<\/div>\n\t\t\t\t<\/article>\n\t\t<div class=\"elementor-element elementor-element-836dbdd e-con-full e-flex e-con e-child\" data-id=\"836dbdd\" data-element_type=\"container\" data-e-type=\"container\">\n\t\t\t\t<\/div>\n\t\t\t\t<\/section>\n\t\t\t\t<\/header>\n\t\t<header class=\"elementor-element elementor-element-eb8f03f e-con-full elementor-hidden-desktop elementor-hidden-tablet e-flex e-con e-parent\" data-id=\"eb8f03f\" data-element_type=\"container\" data-e-type=\"container\">\n\t\t\t\t<div class=\"elementor-element elementor-element-cffc0d6 img-size elementor-hidden-desktop elementor-hidden-tablet elementor-widget elementor-widget-image\" data-id=\"cffc0d6\" data-element_type=\"widget\" data-e-type=\"widget\" data-widget_type=\"image.default\">\n\t\t\t\t<div class=\"elementor-widget-container\">\n\t\t\t\t\t\t\t\t\t\t\t\t\t\t\t<img loading=\"lazy\" decoding=\"async\" loading=\"lazy\" width=\"700\" height=\"1158\" src=\"https:\/\/vigorous-meitner.89-188-72-178.plesk.page\/wp-content\/uploads\/2024\/06\/Dragsbak-1-22-of-41-1-mobile.jpg\" class=\"attachment-full size-full wp-image-209\" alt=\"\" srcset=\"https:\/\/vigorous-meitner.89-188-72-178.plesk.page\/wp-content\/uploads\/2024\/06\/Dragsbak-1-22-of-41-1-mobile.jpg 700w, https:\/\/vigorous-meitner.89-188-72-178.plesk.page\/wp-content\/uploads\/2024\/06\/Dragsbak-1-22-of-41-1-mobile-181x300.jpg 181w, https:\/\/vigorous-meitner.89-188-72-178.plesk.page\/wp-content\/uploads\/2024\/06\/Dragsbak-1-22-of-41-1-mobile-619x1024.jpg 619w\" sizes=\"auto, (max-width: 700px) 100vw, 700px\" \/>\t\t\t\t\t\t\t\t\t\t\t\t\t\t\t<\/div>\n\t\t\t\t<\/div>\n\t\t<section class=\"elementor-element elementor-element-b9927d3 e-con-full e-flex e-con e-child\" data-id=\"b9927d3\" data-element_type=\"container\" data-e-type=\"container\" data-settings=\"{&quot;position&quot;:&quot;absolute&quot;}\">\n\t\t<article class=\"elementor-element elementor-element-7042140 e-con-full e-flex e-con e-child\" data-id=\"7042140\" data-element_type=\"container\" data-e-type=\"container\">\n\t\t\t\t<div class=\"elementor-element elementor-element-6a1c014 elementor-widget elementor-widget-heading\" data-id=\"6a1c014\" data-element_type=\"widget\" data-e-type=\"widget\" data-widget_type=\"heading.default\">\n\t\t\t\t<div class=\"elementor-widget-container\">\n\t\t\t\t\t<h2 class=\"elementor-heading-title elementor-size-default\">Vores produktionssteder<\/h2>\t\t\t\t<\/div>\n\t\t\t\t<\/div>\n\t\t\t\t<\/article>\n\t\t<div class=\"elementor-element elementor-element-1d7f940 e-con-full e-flex e-con e-child\" data-id=\"1d7f940\" data-element_type=\"container\" data-e-type=\"container\">\n\t\t\t\t<\/div>\n\t\t\t\t<\/section>\n\t\t\t\t<\/header>\n\t\t<section class=\"elementor-element elementor-element-effdc45 elementor-hidden-desktop elementor-hidden-tablet e-flex e-con-boxed e-con e-parent\" data-id=\"effdc45\" data-element_type=\"container\" data-e-type=\"container\">\n\t\t\t\t\t<div class=\"e-con-inner\">\n\t\t\t\t<div class=\"elementor-element elementor-element-ef74e1b elementor-widget elementor-widget-heading\" data-id=\"ef74e1b\" data-element_type=\"widget\" data-e-type=\"widget\" data-widget_type=\"heading.default\">\n\t\t\t\t<div class=\"elementor-widget-container\">\n\t\t\t\t\t<h2 class=\"elementor-heading-title elementor-size-default\">Vi producerer stolt vores produkter ved forskellige topmoderne produktionssteder, med 4 specialiserede produktioner lokalt i Jylland, samt en alsidig og omstillingsparat produktion i Litauen. <\/h2>\t\t\t\t<\/div>\n\t\t\t\t<\/div>\n\t\t\t\t\t<\/div>\n\t\t\t\t<\/section>\n\t\t<main class=\"elementor-element elementor-element-6259da9 e-con-full e-flex e-con e-parent\" data-id=\"6259da9\" data-element_type=\"container\" data-e-type=\"container\" data-settings=\"{&quot;background_background&quot;:&quot;classic&quot;}\">\n\t\t<article class=\"elementor-element elementor-element-177d316 e-con-full bg-dark e-flex e-con e-child\" data-id=\"177d316\" data-element_type=\"container\" data-e-type=\"container\" data-settings=\"{&quot;background_background&quot;:&quot;classic&quot;}\">\n\t\t\t\t<div class=\"elementor-element elementor-element-12a5b8c clr-white elementor-widget elementor-widget-heading\" data-id=\"12a5b8c\" data-element_type=\"widget\" data-e-type=\"widget\" data-widget_type=\"heading.default\">\n\t\t\t\t<div class=\"elementor-widget-container\">\n\t\t\t\t\t<h2 class=\"elementor-heading-title elementor-size-default\">Dragsb\u00e6k HQ<\/h2>\t\t\t\t<\/div>\n\t\t\t\t<\/div>\n\t\t\t\t<div class=\"elementor-element elementor-element-edec2fd clr-white elementor-widget elementor-widget-text-editor\" data-id=\"edec2fd\" data-element_type=\"widget\" data-e-type=\"widget\" data-widget_type=\"text-editor.default\">\n\t\t\t\t<div class=\"elementor-widget-container\">\n\t\t\t\t\t\t\t\t\t<p>Dragsb\u00e6k blev grundlagt i 1923 i Thisted, hvor vores hovedkontor stadig er placeret. Ambitionerne er ikke blevet mindre, og vi har stort fokus p\u00e5 at underst\u00f8tte vores kunder og sikre den daglige drift. Vores dedikerede kollegaer arbejder kontinuerligt p\u00e5 at forbedre og udvikle vores produkter og services, for at im\u00f8dekomme kundernes \u00f8nsker.<\/p>\t\t\t\t\t\t\t\t<\/div>\n\t\t\t\t<\/div>\n\t\t\t\t<\/article>\n\t\t<aside class=\"elementor-element elementor-element-c094407 e-con-full e-flex e-con e-child\" data-id=\"c094407\" data-element_type=\"container\" data-e-type=\"container\" data-settings=\"{&quot;background_background&quot;:&quot;classic&quot;}\">\n\t\t\t\t<\/aside>\n\t\t\t\t<\/main>\n\t\t<section class=\"elementor-element elementor-element-28cfcb4 e-con-full e-flex e-con e-parent\" data-id=\"28cfcb4\" data-element_type=\"container\" data-e-type=\"container\" data-settings=\"{&quot;background_background&quot;:&quot;classic&quot;}\">\n\t\t<aside class=\"elementor-element elementor-element-7caace5 e-con-full e-flex e-con e-child\" data-id=\"7caace5\" data-element_type=\"container\" data-e-type=\"container\">\n\t\t\t\t<div class=\"elementor-element elementor-element-7959ec5 img-width e-transform elementor-widget elementor-widget-image\" data-id=\"7959ec5\" data-element_type=\"widget\" data-e-type=\"widget\" data-settings=\"{&quot;_transform_scale_effect&quot;:{&quot;unit&quot;:&quot;px&quot;,&quot;size&quot;:&quot;&quot;,&quot;sizes&quot;:[]},&quot;_transform_scale_effect_tablet&quot;:{&quot;unit&quot;:&quot;px&quot;,&quot;size&quot;:&quot;&quot;,&quot;sizes&quot;:[]},&quot;_transform_scale_effect_mobile&quot;:{&quot;unit&quot;:&quot;px&quot;,&quot;size&quot;:&quot;&quot;,&quot;sizes&quot;:[]}}\" data-widget_type=\"image.default\">\n\t\t\t\t<div class=\"elementor-widget-container\">\n\t\t\t\t\t\t\t\t\t\t\t\t\t\t\t<img loading=\"lazy\" decoding=\"async\" loading=\"lazy\" width=\"1000\" height=\"693\" src=\"https:\/\/vigorous-meitner.89-188-72-178.plesk.page\/wp-content\/uploads\/2024\/09\/DJI_0383-cut2.jpg\" class=\"attachment-full size-full wp-image-992\" alt=\"\" srcset=\"https:\/\/vigorous-meitner.89-188-72-178.plesk.page\/wp-content\/uploads\/2024\/09\/DJI_0383-cut2.jpg 1000w, https:\/\/vigorous-meitner.89-188-72-178.plesk.page\/wp-content\/uploads\/2024\/09\/DJI_0383-cut2-300x208.jpg 300w, https:\/\/vigorous-meitner.89-188-72-178.plesk.page\/wp-content\/uploads\/2024\/09\/DJI_0383-cut2-768x532.jpg 768w\" sizes=\"auto, (max-width: 1000px) 100vw, 1000px\" \/>\t\t\t\t\t\t\t\t\t\t\t\t\t\t\t<\/div>\n\t\t\t\t<\/div>\n\t\t\t\t<\/aside>\n\t\t<article class=\"elementor-element elementor-element-5e1982b e-con-full e-flex e-con e-child\" data-id=\"5e1982b\" data-element_type=\"container\" data-e-type=\"container\">\n\t\t\t\t<div class=\"elementor-element elementor-element-7d50bab elementor-widget elementor-widget-heading\" data-id=\"7d50bab\" data-element_type=\"widget\" data-e-type=\"widget\" data-widget_type=\"heading.default\">\n\t\t\t\t<div class=\"elementor-widget-container\">\n\t\t\t\t\t<h2 class=\"elementor-heading-title elementor-size-default\">Dragsb\u00e6k Thisted<\/h2>\t\t\t\t<\/div>\n\t\t\t\t<\/div>\n\t\t\t\t<div class=\"elementor-element elementor-element-8bf8f55 elementor-widget elementor-widget-text-editor\" data-id=\"8bf8f55\" data-element_type=\"widget\" data-e-type=\"widget\" data-widget_type=\"text-editor.default\">\n\t\t\t\t<div class=\"elementor-widget-container\">\n\t\t\t\t\t\t\t\t\t<p><span style=\"font-weight: 400;\">Vores st\u00f8rste produktionsanl\u00e6g <\/span><span style=\"font-weight: 400;\">ligger i vores f\u00f8deby<\/span><span style=\"font-weight: 400;\"> Thisted. Det er Nordens st\u00f8rste margarinefabrik og vi producerer alt inden for fedtstoffer &amp; olier til industri, foodservice, detail og private label.<\/span><\/p>\t\t\t\t\t\t\t\t<\/div>\n\t\t\t\t<\/div>\n\t\t\t\t<\/article>\n\t\t\t\t<\/section>\n\t\t<section class=\"elementor-element elementor-element-03b8a12 e-con-full elementor-hidden-mobile e-flex e-con e-parent\" data-id=\"03b8a12\" data-element_type=\"container\" data-e-type=\"container\" data-settings=\"{&quot;background_background&quot;:&quot;classic&quot;}\">\n\t\t<div class=\"elementor-element elementor-element-7d7c2ec e-con-full e-flex e-con e-child\" data-id=\"7d7c2ec\" data-element_type=\"container\" data-e-type=\"container\">\n\t\t\t\t<\/div>\n\t\t<article class=\"elementor-element elementor-element-03c68ef e-con-full e-flex e-con e-child\" data-id=\"03c68ef\" data-element_type=\"container\" data-e-type=\"container\">\n\t\t\t\t<div class=\"elementor-element elementor-element-a11bbdb elementor-widget elementor-widget-heading\" data-id=\"a11bbdb\" data-element_type=\"widget\" data-e-type=\"widget\" data-widget_type=\"heading.default\">\n\t\t\t\t<div class=\"elementor-widget-container\">\n\t\t\t\t\t<h2 class=\"elementor-heading-title elementor-size-default\">Dragsb\u00e6k Vejen<\/h2>\t\t\t\t<\/div>\n\t\t\t\t<\/div>\n\t\t\t\t<div class=\"elementor-element elementor-element-8568776 elementor-widget elementor-widget-text-editor\" data-id=\"8568776\" data-element_type=\"widget\" data-e-type=\"widget\" data-widget_type=\"text-editor.default\">\n\t\t\t\t<div class=\"elementor-widget-container\">\n\t\t\t\t\t\t\t\t\t<p>P\u00e5 en gr\u00f8n mark i S\u00f8nderjylland finder du Danmarks smukkeste og mest effektive produktionsanl\u00e6g! Her har vi flere linjer til UHT-produktion, hvor vi har specialiseret os i plantebaserede drikkevarer. Her produceres b\u00e5de til egne brands og private label.<\/p>\t\t\t\t\t\t\t\t<\/div>\n\t\t\t\t<\/div>\n\t\t\t\t<\/article>\n\t\t\t\t<\/section>\n\t\t<section class=\"elementor-element elementor-element-5184de0 e-con-full elementor-hidden-desktop elementor-hidden-tablet e-flex e-con e-parent\" data-id=\"5184de0\" data-element_type=\"container\" data-e-type=\"container\" data-settings=\"{&quot;background_background&quot;:&quot;classic&quot;}\">\n\t\t<article class=\"elementor-element elementor-element-5b4ef3b e-con-full e-flex e-con e-child\" data-id=\"5b4ef3b\" data-element_type=\"container\" data-e-type=\"container\" data-settings=\"{&quot;background_background&quot;:&quot;classic&quot;}\">\n\t\t\t\t<div class=\"elementor-element elementor-element-e3c0ebd clr-white elementor-widget elementor-widget-heading\" data-id=\"e3c0ebd\" data-element_type=\"widget\" data-e-type=\"widget\" data-widget_type=\"heading.default\">\n\t\t\t\t<div class=\"elementor-widget-container\">\n\t\t\t\t\t<h2 class=\"elementor-heading-title elementor-size-default\">Dragsb\u00e6k Beverage &amp; Nutrition \u2013 Vejen<\/h2>\t\t\t\t<\/div>\n\t\t\t\t<\/div>\n\t\t\t\t<div class=\"elementor-element elementor-element-18b8b54 clr-white elementor-widget elementor-widget-text-editor\" data-id=\"18b8b54\" data-element_type=\"widget\" data-e-type=\"widget\" data-widget_type=\"text-editor.default\">\n\t\t\t\t<div class=\"elementor-widget-container\">\n\t\t\t\t\t\t\t\t\t<p>P\u00e5 en <span style=\"color: #385a46;\">gr\u00f8n mark i S\u00f8nderjylland<\/span> finder du Danmarks smukkeste og mest effektive produktionsanl\u00e6g! Vi har<br \/>flere linjer til <span style=\"color: #385a46;\">UHT-produktion hvor vi har specialiseret os i plantebaserede drikkevarer.<\/span> Her produceres b\u00e5de til<br \/>egne brands og private label.<\/p>\t\t\t\t\t\t\t\t<\/div>\n\t\t\t\t<\/div>\n\t\t\t\t<\/article>\n\t\t<aside class=\"elementor-element elementor-element-14e5cdd e-con-full e-flex e-con e-child\" data-id=\"14e5cdd\" data-element_type=\"container\" data-e-type=\"container\">\n\t\t\t\t<div class=\"elementor-element elementor-element-c3f6b59 img-width elementor-widget elementor-widget-image\" data-id=\"c3f6b59\" data-element_type=\"widget\" data-e-type=\"widget\" data-widget_type=\"image.default\">\n\t\t\t\t<div class=\"elementor-widget-container\">\n\t\t\t\t\t\t\t\t\t\t\t\t\t\t\t<img loading=\"lazy\" decoding=\"async\" loading=\"lazy\" width=\"800\" height=\"686\" src=\"https:\/\/vigorous-meitner.89-188-72-178.plesk.page\/wp-content\/uploads\/2024\/06\/Vejenmobile.jpg\" class=\"attachment-full size-full wp-image-294\" alt=\"\" srcset=\"https:\/\/vigorous-meitner.89-188-72-178.plesk.page\/wp-content\/uploads\/2024\/06\/Vejenmobile.jpg 800w, https:\/\/vigorous-meitner.89-188-72-178.plesk.page\/wp-content\/uploads\/2024\/06\/Vejenmobile-300x257.jpg 300w, https:\/\/vigorous-meitner.89-188-72-178.plesk.page\/wp-content\/uploads\/2024\/06\/Vejenmobile-768x659.jpg 768w\" sizes=\"auto, (max-width: 800px) 100vw, 800px\" \/>\t\t\t\t\t\t\t\t\t\t\t\t\t\t\t<\/div>\n\t\t\t\t<\/div>\n\t\t\t\t<\/aside>\n\t\t\t\t<\/section>\n\t\t<section class=\"elementor-element elementor-element-2e870ca e-con-full e-flex e-con e-parent\" data-id=\"2e870ca\" data-element_type=\"container\" data-e-type=\"container\" data-settings=\"{&quot;background_background&quot;:&quot;classic&quot;}\">\n\t\t<article class=\"elementor-element elementor-element-9b88821 e-con-full e-flex e-con e-child\" data-id=\"9b88821\" data-element_type=\"container\" data-e-type=\"container\">\n\t\t\t\t<div class=\"elementor-element elementor-element-29d2c13 elementor-widget elementor-widget-heading\" data-id=\"29d2c13\" data-element_type=\"widget\" data-e-type=\"widget\" data-widget_type=\"heading.default\">\n\t\t\t\t<div class=\"elementor-widget-container\">\n\t\t\t\t\t<h2 class=\"elementor-heading-title elementor-size-default\">Dragsb\u00e6k Randers<\/h2>\t\t\t\t<\/div>\n\t\t\t\t<\/div>\n\t\t\t\t<div class=\"elementor-element elementor-element-3f660d1 elementor-widget elementor-widget-text-editor\" data-id=\"3f660d1\" data-element_type=\"widget\" data-e-type=\"widget\" data-widget_type=\"text-editor.default\">\n\t\t\t\t<div class=\"elementor-widget-container\">\n\t\t\t\t\t\t\t\t\t<p>I Midtjylland findes vores mest fleksible produktionssted, med en unik evne til at tilpasse sig et skiftende markedsbehov. Her produceres fedtstoffer, olier og en r\u00e6kke andre f\u00f8devarer. Randers er desuden hjemsted for vores handelsenhed \u2013 Dragsb\u00e6k Trading.<\/p>\t\t\t\t\t\t\t\t<\/div>\n\t\t\t\t<\/div>\n\t\t\t\t<\/article>\n\t\t<aside class=\"elementor-element elementor-element-af49597 e-con-full e-flex e-con e-child\" data-id=\"af49597\" data-element_type=\"container\" data-e-type=\"container\" data-settings=\"{&quot;background_background&quot;:&quot;classic&quot;}\">\n\t\t\t\t<\/aside>\n\t\t\t\t<\/section>\n\t\t<section class=\"elementor-element elementor-element-09f3c81 e-con-full e-flex e-con e-parent\" data-id=\"09f3c81\" data-element_type=\"container\" data-e-type=\"container\" data-settings=\"{&quot;background_background&quot;:&quot;classic&quot;}\">\n\t\t<aside class=\"elementor-element elementor-element-0132162 e-con-full e-flex e-con e-child\" data-id=\"0132162\" data-element_type=\"container\" data-e-type=\"container\" data-settings=\"{&quot;background_background&quot;:&quot;classic&quot;}\">\n\t\t\t\t<\/aside>\n\t\t<article class=\"elementor-element elementor-element-6c4f152 e-con-full e-flex e-con e-child\" data-id=\"6c4f152\" data-element_type=\"container\" data-e-type=\"container\">\n\t\t\t\t<div class=\"elementor-element elementor-element-dd3ca69 elementor-widget elementor-widget-heading\" data-id=\"dd3ca69\" data-element_type=\"widget\" data-e-type=\"widget\" data-widget_type=\"heading.default\">\n\t\t\t\t<div class=\"elementor-widget-container\">\n\t\t\t\t\t<h2 class=\"elementor-heading-title elementor-size-default\">Dragsb\u00e6k Ice Cream &amp; Desserts <\/h2>\t\t\t\t<\/div>\n\t\t\t\t<\/div>\n\t\t\t\t<div class=\"elementor-element elementor-element-86a6346 elementor-widget elementor-widget-text-editor\" data-id=\"86a6346\" data-element_type=\"widget\" data-e-type=\"widget\" data-widget_type=\"text-editor.default\">\n\t\t\t\t<div class=\"elementor-widget-container\">\n\t\t\t\t\t\t\t\t\t<p>Vores mindste produktionsenhed er ogs\u00e5 stedet med den st\u00f8rste k\u00e6rlighed til alt s\u00f8dt! Vores gelato-mestre blander de l\u00e6kreste is og laver b\u00e5de plantebaserede og traditionelle mejeribaserede varianter.<\/p>\t\t\t\t\t\t\t\t<\/div>\n\t\t\t\t<\/div>\n\t\t\t\t<\/article>\n\t\t\t\t<\/section>\n\t\t<section class=\"elementor-element elementor-element-f1bb988 e-con-full e-flex e-con e-parent\" data-id=\"f1bb988\" data-element_type=\"container\" data-e-type=\"container\" data-settings=\"{&quot;background_background&quot;:&quot;classic&quot;}\">\n\t\t<article class=\"elementor-element elementor-element-6abf55b e-con-full e-flex e-con e-child\" data-id=\"6abf55b\" data-element_type=\"container\" data-e-type=\"container\" data-settings=\"{&quot;background_background&quot;:&quot;classic&quot;}\">\n\t\t\t\t<div class=\"elementor-element elementor-element-1ee012c elementor-widget elementor-widget-heading\" data-id=\"1ee012c\" data-element_type=\"widget\" data-e-type=\"widget\" data-widget_type=\"heading.default\">\n\t\t\t\t<div class=\"elementor-widget-container\">\n\t\t\t\t\t<h2 class=\"elementor-heading-title elementor-size-default\">Dragsb\u00e6k Litauen<\/h2>\t\t\t\t<\/div>\n\t\t\t\t<\/div>\n\t\t\t\t<div class=\"elementor-element elementor-element-1599f8c elementor-widget elementor-widget-text-editor\" data-id=\"1599f8c\" data-element_type=\"widget\" data-e-type=\"widget\" data-widget_type=\"text-editor.default\">\n\t\t\t\t<div class=\"elementor-widget-container\">\n\t\t\t\t\t\t\t\t\t<p>Vores mindre anl\u00e6g i Litauen er kendt for sin omkostningseffektive produktion. Som f\u00f8rende producent af margariner til Baltikum, leverer vi b\u00e5de lokale brands og private label-produktion, der sikrer h\u00f8j kvalitet til konkurrencedygtige priser.<\/p>\t\t\t\t\t\t\t\t<\/div>\n\t\t\t\t<\/div>\n\t\t\t\t<\/article>\n\t\t<aside class=\"elementor-element elementor-element-62df7c7 e-con-full e-flex e-con e-child\" data-id=\"62df7c7\" data-element_type=\"container\" data-e-type=\"container\" data-settings=\"{&quot;background_background&quot;:&quot;classic&quot;}\">\n\t\t\t\t<div class=\"elementor-element elementor-element-8e6d896 elementor-widget elementor-widget-spacer\" data-id=\"8e6d896\" data-element_type=\"widget\" data-e-type=\"widget\" data-widget_type=\"spacer.default\">\n\t\t\t\t<div class=\"elementor-widget-container\">\n\t\t\t\t\t\t\t<div class=\"elementor-spacer\">\n\t\t\t<div class=\"elementor-spacer-inner\"><\/div>\n\t\t<\/div>\n\t\t\t\t\t\t<\/div>\n\t\t\t\t<\/div>\n\t\t\t\t<\/aside>\n\t\t\t\t<\/section>\n\t\t\t\t<\/div>\n\t\t","protected":false},"excerpt":{"rendered":"<p>Vores produktionssteder Vi producerer stolt vores produkter ved forskellige topmoderne produktionssteder, med fire specialiserede produktioner lokalt i Jylland, samt en alsidig og omstillingsparat produktion i Litauen. Vores produktionssteder Vi producerer stolt vores produkter ved forskellige topmoderne produktionssteder, med 4 specialiserede produktioner lokalt i Jylland, samt en alsidig og omstillingsparat produktion i Litauen. Dragsb\u00e6k HQ Dragsb\u00e6k [&hellip;]<\/p>\n","protected":false},"author":2,"featured_media":0,"parent":0,"menu_order":0,"comment_status":"closed","ping_status":"closed","template":"","meta":{"_acf_changed":false,"inline_featured_image":false,"footnotes":""},"class_list":["post-530","page","type-page","status-publish","hentry"],"acf":[],"_links":{"self":[{"href":"https:\/\/vigorous-meitner.89-188-72-178.plesk.page\/index.php?rest_route=\/wp\/v2\/pages\/530","targetHints":{"allow":["GET"]}}],"collection":[{"href":"https:\/\/vigorous-meitner.89-188-72-178.plesk.page\/index.php?rest_route=\/wp\/v2\/pages"}],"about":[{"href":"https:\/\/vigorous-meitner.89-188-72-178.plesk.page\/index.php?rest_route=\/wp\/v2\/types\/page"}],"author":[{"embeddable":true,"href":"https:\/\/vigorous-meitner.89-188-72-178.plesk.page\/index.php?rest_route=\/wp\/v2\/users\/2"}],"replies":[{"embeddable":true,"href":"https:\/\/vigorous-meitner.89-188-72-178.plesk.page\/index.php?rest_route=%2Fwp%2Fv2%2Fcomments&post=530"}],"version-history":[{"count":32,"href":"https:\/\/vigorous-meitner.89-188-72-178.plesk.page\/index.php?rest_route=\/wp\/v2\/pages\/530\/revisions"}],"predecessor-version":[{"id":5233,"href":"https:\/\/vigorous-meitner.89-188-72-178.plesk.page\/index.php?rest_route=\/wp\/v2\/pages\/530\/revisions\/5233"}],"wp:attachment":[{"href":"https:\/\/vigorous-meitner.89-188-72-178.plesk.page\/index.php?rest_route=%2Fwp%2Fv2%2Fmedia&parent=530"}],"curies":[{"name":"wp","href":"https:\/\/api.w.org\/{rel}","templated":true}]}}