{"id":522,"date":"2024-07-03T14:47:32","date_gmt":"2024-07-03T12:47:32","guid":{"rendered":"https:\/\/vigorous-meitner.89-188-72-178.plesk.page.linux213.curanetserver.dk\/?page_id=522"},"modified":"2025-10-28T11:35:36","modified_gmt":"2025-10-28T10:35:36","slug":"om-os","status":"publish","type":"page","link":"https:\/\/vigorous-meitner.89-188-72-178.plesk.page\/?page_id=522","title":{"rendered":"Om os"},"content":{"rendered":"\t\t<div data-elementor-type=\"wp-page\" data-elementor-id=\"522\" class=\"elementor elementor-522\" data-elementor-post-type=\"page\">\n\t\t\t\t<header class=\"elementor-element elementor-element-de381bb e-con-full e-flex e-con e-parent\" data-id=\"de381bb\" data-element_type=\"container\" data-e-type=\"container\" data-settings=\"{&quot;background_background&quot;:&quot;slideshow&quot;,&quot;background_slideshow_gallery&quot;:[{&quot;id&quot;:1284,&quot;url&quot;:&quot;https:\\\/\\\/vigorous-meitner.89-188-72-178.plesk.page.linux213.curanetserver.dk\\\/wp-content\\\/uploads\\\/2024\\\/10\\\/Dragsbak-1-23-of-41-cut.jpg&quot;}],&quot;background_slideshow_loop&quot;:&quot;yes&quot;,&quot;background_slideshow_slide_duration&quot;:5000,&quot;background_slideshow_slide_transition&quot;:&quot;fade&quot;,&quot;background_slideshow_transition_duration&quot;:500}\">\n\t\t\t\t<div class=\"elementor-element elementor-element-b9ae763 logo-mobile elementor-widget elementor-widget-image\" data-id=\"b9ae763\" data-element_type=\"widget\" data-e-type=\"widget\" data-widget_type=\"image.default\">\n\t\t\t\t<div class=\"elementor-widget-container\">\n\t\t\t\t\t\t\t\t\t\t\t\t\t\t\t<img loading=\"lazy\" decoding=\"async\" loading=\"lazy\" width=\"500\" height=\"213\" src=\"https:\/\/vigorous-meitner.89-188-72-178.plesk.page\/wp-content\/uploads\/2024\/09\/Dragsbaek_logo_neg_rgb-scaled-1.png\" class=\"attachment-large size-large wp-image-908\" alt=\"\" srcset=\"https:\/\/vigorous-meitner.89-188-72-178.plesk.page\/wp-content\/uploads\/2024\/09\/Dragsbaek_logo_neg_rgb-scaled-1.png 500w, https:\/\/vigorous-meitner.89-188-72-178.plesk.page\/wp-content\/uploads\/2024\/09\/Dragsbaek_logo_neg_rgb-scaled-1-300x128.png 300w\" sizes=\"auto, (max-width: 500px) 100vw, 500px\" \/>\t\t\t\t\t\t\t\t\t\t\t\t\t\t\t<\/div>\n\t\t\t\t<\/div>\n\t\t\t\t<\/header>\n\t\t<main class=\"elementor-element elementor-element-e096eeb e-flex e-con-boxed e-con e-parent\" data-id=\"e096eeb\" data-element_type=\"container\" data-e-type=\"container\">\n\t\t\t\t\t<div class=\"e-con-inner\">\n\t\t\t\t<div class=\"elementor-element elementor-element-0ed34d4 elementor-widget elementor-widget-heading\" data-id=\"0ed34d4\" data-element_type=\"widget\" data-e-type=\"widget\" data-widget_type=\"heading.default\">\n\t\t\t\t<div class=\"elementor-widget-container\">\n\t\t\t\t\t<h2 class=\"elementor-heading-title elementor-size-default\">TASTE THE FUTURE!<\/h2>\t\t\t\t<\/div>\n\t\t\t\t<\/div>\n\t\t\t\t<div class=\"elementor-element elementor-element-e293a41 elementor-widget elementor-widget-heading\" data-id=\"e293a41\" data-element_type=\"widget\" data-e-type=\"widget\" data-widget_type=\"heading.default\">\n\t\t\t\t<div class=\"elementor-widget-container\">\n\t\t\t\t\t<h2 class=\"elementor-heading-title elementor-size-default\">Siden 1923 har vi arbejdet med plantebaserede r\u00e5varer og hybridprodukter, hvilket har gjort os til en frontl\u00f8ber inden for gr\u00f8n f\u00f8devareproduktion. <span class=\"off-clr\">Rejsen har v\u00e6ret lang, men vi tror p\u00e5, den f\u00f8rst lige er begyndt! <\/span><\/h2>\t\t\t\t<\/div>\n\t\t\t\t<\/div>\n\t\t\t\t\t<\/div>\n\t\t\t\t<\/main>\n\t\t<section class=\"elementor-element elementor-element-8f0b035 e-con-full e-flex e-con e-parent\" data-id=\"8f0b035\" data-element_type=\"container\" data-e-type=\"container\" data-settings=\"{&quot;background_background&quot;:&quot;classic&quot;}\">\n\t\t<article class=\"elementor-element elementor-element-0ebcf92 e-con-full e-flex e-con e-child\" data-id=\"0ebcf92\" data-element_type=\"container\" data-e-type=\"container\">\n\t\t\t\t<div class=\"elementor-element elementor-element-5e74888 elementor-widget elementor-widget-heading\" data-id=\"5e74888\" data-element_type=\"widget\" data-e-type=\"widget\" data-widget_type=\"heading.default\">\n\t\t\t\t<div class=\"elementor-widget-container\">\n\t\t\t\t\t<h1 class=\"elementor-heading-title elementor-size-default\">Vores kolleger<\/h1>\t\t\t\t<\/div>\n\t\t\t\t<\/div>\n\t\t\t\t<div class=\"elementor-element elementor-element-9cf7779 elementor-hidden-mobile elementor-widget elementor-widget-text-editor\" data-id=\"9cf7779\" data-element_type=\"widget\" data-e-type=\"widget\" data-widget_type=\"text-editor.default\">\n\t\t\t\t<div class=\"elementor-widget-container\">\n\t\t\t\t\t\t\t\t\t<p>Menneskene bag Dragsb\u00e6k, er dem, der g\u00f8r os til det, vi er i dag. Med vores iv\u00e6rks\u00e6ttertankegang, hunger efter v\u00e6kst og uovertrufne ekspertise inden for vores felt, har vi en virksomhed, der skaber morgendagens produkter!<\/p>\t\t\t\t\t\t\t\t<\/div>\n\t\t\t\t<\/div>\n\t\t\t\t<div class=\"elementor-element elementor-element-6047ad4 elementor-hidden-mobile elementor-widget elementor-widget-button\" data-id=\"6047ad4\" data-element_type=\"widget\" data-e-type=\"widget\" data-widget_type=\"button.default\">\n\t\t\t\t<div class=\"elementor-widget-container\">\n\t\t\t\t\t\t\t\t\t<div class=\"elementor-button-wrapper\">\n\t\t\t\t\t<a class=\"elementor-button elementor-button-link elementor-size-sm\" href=\"\/job\/\">\n\t\t\t\t\t\t<span class=\"elementor-button-content-wrapper\">\n\t\t\t\t\t\t\t\t\t<span class=\"elementor-button-text\">Se ledige stillinger<\/span>\n\t\t\t\t\t<\/span>\n\t\t\t\t\t<\/a>\n\t\t\t\t<\/div>\n\t\t\t\t\t\t\t\t<\/div>\n\t\t\t\t<\/div>\n\t\t\t\t<\/article>\n\t\t<div class=\"elementor-element elementor-element-156092b e-con-full elementor-hidden-mobile e-flex e-con e-child\" data-id=\"156092b\" data-element_type=\"container\" data-e-type=\"container\" data-settings=\"{&quot;background_background&quot;:&quot;classic&quot;}\">\n\t\t\t\t<\/div>\n\t\t\t\t<\/section>\n\t\t<section class=\"elementor-element elementor-element-6a8058c e-con-full elementor-hidden-desktop elementor-hidden-tablet e-flex e-con e-parent\" data-id=\"6a8058c\" data-element_type=\"container\" data-e-type=\"container\" data-settings=\"{&quot;background_background&quot;:&quot;classic&quot;}\">\n\t\t<article class=\"elementor-element elementor-element-b107076 e-con-full e-flex e-con e-child\" data-id=\"b107076\" data-element_type=\"container\" data-e-type=\"container\">\n\t\t\t\t<div class=\"elementor-element elementor-element-84b0eeb elementor-widget elementor-widget-text-editor\" data-id=\"84b0eeb\" data-element_type=\"widget\" data-e-type=\"widget\" data-widget_type=\"text-editor.default\">\n\t\t\t\t<div class=\"elementor-widget-container\">\n\t\t\t\t\t\t\t\t\t<p>Menneskene bag Dragsb\u00e6k, er dem, der g\u00f8r os til det, vi er i dag. Med vores iv\u00e6rks\u00e6ttertankegang, hunger efter v\u00e6kst og uovertrufne ekspertise inden for vores felt, har vi en virksomhed, der skaber morgendagens produkter!<\/p>\t\t\t\t\t\t\t\t<\/div>\n\t\t\t\t<\/div>\n\t\t\t\t<div class=\"elementor-element elementor-element-a8334f3 elementor-widget elementor-widget-button\" data-id=\"a8334f3\" data-element_type=\"widget\" data-e-type=\"widget\" data-widget_type=\"button.default\">\n\t\t\t\t<div class=\"elementor-widget-container\">\n\t\t\t\t\t\t\t\t\t<div class=\"elementor-button-wrapper\">\n\t\t\t\t\t<a class=\"elementor-button elementor-button-link elementor-size-sm\" href=\"\/job\/\">\n\t\t\t\t\t\t<span class=\"elementor-button-content-wrapper\">\n\t\t\t\t\t\t\t\t\t<span class=\"elementor-button-text\">Se ledige stillinger<\/span>\n\t\t\t\t\t<\/span>\n\t\t\t\t\t<\/a>\n\t\t\t\t<\/div>\n\t\t\t\t\t\t\t\t<\/div>\n\t\t\t\t<\/div>\n\t\t\t\t<\/article>\n\t\t\t\t<\/section>\n\t\t<section class=\"elementor-element elementor-element-1537926 e-con-full e-flex e-con e-parent\" data-id=\"1537926\" data-element_type=\"container\" data-e-type=\"container\" data-settings=\"{&quot;background_background&quot;:&quot;classic&quot;}\">\n\t\t<aside class=\"elementor-element elementor-element-828a8a3 e-con-full e-flex e-con e-child\" data-id=\"828a8a3\" data-element_type=\"container\" data-e-type=\"container\">\n\t\t\t\t<div class=\"elementor-element elementor-element-59e0339 elementor-widget elementor-widget-image\" data-id=\"59e0339\" data-element_type=\"widget\" data-e-type=\"widget\" data-widget_type=\"image.default\">\n\t\t\t\t<div class=\"elementor-widget-container\">\n\t\t\t\t\t\t\t\t\t\t\t\t\t\t\t<img loading=\"lazy\" decoding=\"async\" loading=\"lazy\" width=\"800\" height=\"600\" src=\"https:\/\/vigorous-meitner.89-188-72-178.plesk.page\/wp-content\/uploads\/2024\/09\/SR_-cut.jpg\" class=\"attachment-large size-large wp-image-997\" alt=\"\" srcset=\"https:\/\/vigorous-meitner.89-188-72-178.plesk.page\/wp-content\/uploads\/2024\/09\/SR_-cut.jpg 1000w, https:\/\/vigorous-meitner.89-188-72-178.plesk.page\/wp-content\/uploads\/2024\/09\/SR_-cut-300x225.jpg 300w, https:\/\/vigorous-meitner.89-188-72-178.plesk.page\/wp-content\/uploads\/2024\/09\/SR_-cut-768x576.jpg 768w\" sizes=\"auto, (max-width: 800px) 100vw, 800px\" \/>\t\t\t\t\t\t\t\t\t\t\t\t\t\t\t<\/div>\n\t\t\t\t<\/div>\n\t\t\t\t<\/aside>\n\t\t<article class=\"elementor-element elementor-element-220e21f e-con-full e-flex e-con e-child\" data-id=\"220e21f\" data-element_type=\"container\" data-e-type=\"container\">\n\t\t\t\t<div class=\"elementor-element elementor-element-7591da1 elementor-widget elementor-widget-heading\" data-id=\"7591da1\" data-element_type=\"widget\" data-e-type=\"widget\" data-widget_type=\"heading.default\">\n\t\t\t\t<div class=\"elementor-widget-container\">\n\t\t\t\t\t<h2 class=\"elementor-heading-title elementor-size-default\"><span class=\"off-clr\">We work hard, <\/span><br \/>\nwe have fun,<br \/>\n<span class=\"off-clr\">we win together.<\/span><\/h2>\t\t\t\t<\/div>\n\t\t\t\t<\/div>\n\t\t\t\t<\/article>\n\t\t\t\t<\/section>\n\t\t<section class=\"elementor-element elementor-element-9fa5e75 e-con-full e-flex e-con e-parent\" data-id=\"9fa5e75\" data-element_type=\"container\" data-e-type=\"container\" data-settings=\"{&quot;background_background&quot;:&quot;classic&quot;}\">\n\t\t\t\t<div class=\"elementor-element elementor-element-fe99684 elementor-widget elementor-widget-heading\" data-id=\"fe99684\" data-element_type=\"widget\" data-e-type=\"widget\" data-widget_type=\"heading.default\">\n\t\t\t\t<div class=\"elementor-widget-container\">\n\t\t\t\t\t<h2 class=\"elementor-heading-title elementor-size-default\"><span class=\"off-clr-dark\">Dragsb\u00e6k<\/span> timeline<\/h2>\t\t\t\t<\/div>\n\t\t\t\t<\/div>\n\t\t\t\t<div class=\"elementor-element elementor-element-7d2bf83 elementor-hidden-mobile elementor-widget elementor-widget-image\" data-id=\"7d2bf83\" data-element_type=\"widget\" data-e-type=\"widget\" data-widget_type=\"image.default\">\n\t\t\t\t<div class=\"elementor-widget-container\">\n\t\t\t\t\t\t\t\t\t\t\t\t\t\t\t<img loading=\"lazy\" decoding=\"async\" loading=\"lazy\" width=\"7043\" height=\"3906\" src=\"https:\/\/vigorous-meitner.89-188-72-178.plesk.page\/wp-content\/uploads\/2024\/09\/About_History_Timeline-Desktop_v3.png\" class=\"attachment-full size-full wp-image-1170\" alt=\"\" srcset=\"https:\/\/vigorous-meitner.89-188-72-178.plesk.page\/wp-content\/uploads\/2024\/09\/About_History_Timeline-Desktop_v3.png 7043w, https:\/\/vigorous-meitner.89-188-72-178.plesk.page\/wp-content\/uploads\/2024\/09\/About_History_Timeline-Desktop_v3-300x166.png 300w, https:\/\/vigorous-meitner.89-188-72-178.plesk.page\/wp-content\/uploads\/2024\/09\/About_History_Timeline-Desktop_v3-1024x568.png 1024w, https:\/\/vigorous-meitner.89-188-72-178.plesk.page\/wp-content\/uploads\/2024\/09\/About_History_Timeline-Desktop_v3-768x426.png 768w, https:\/\/vigorous-meitner.89-188-72-178.plesk.page\/wp-content\/uploads\/2024\/09\/About_History_Timeline-Desktop_v3-1536x852.png 1536w, https:\/\/vigorous-meitner.89-188-72-178.plesk.page\/wp-content\/uploads\/2024\/09\/About_History_Timeline-Desktop_v3-2048x1136.png 2048w\" sizes=\"auto, (max-width: 7043px) 100vw, 7043px\" \/>\t\t\t\t\t\t\t\t\t\t\t\t\t\t\t<\/div>\n\t\t\t\t<\/div>\n\t\t\t\t<\/section>\n\t\t<section class=\"elementor-element elementor-element-78dbf5e elementor-hidden-desktop elementor-hidden-tablet e-flex e-con-boxed e-con e-parent\" data-id=\"78dbf5e\" data-element_type=\"container\" data-e-type=\"container\" data-settings=\"{&quot;background_background&quot;:&quot;classic&quot;}\">\n\t\t\t\t\t<div class=\"e-con-inner\">\n\t\t<div class=\"elementor-element elementor-element-b4c6607 e-con-full e-flex e-con e-child\" data-id=\"b4c6607\" data-element_type=\"container\" data-e-type=\"container\">\n\t\t\t\t<div class=\"elementor-element elementor-element-5dae092 elementor-arrows-position-inside elementor-pagination-position-outside elementor-widget elementor-widget-image-carousel\" data-id=\"5dae092\" data-element_type=\"widget\" data-e-type=\"widget\" data-settings=\"{&quot;navigation&quot;:&quot;both&quot;,&quot;autoplay&quot;:&quot;yes&quot;,&quot;pause_on_hover&quot;:&quot;yes&quot;,&quot;pause_on_interaction&quot;:&quot;yes&quot;,&quot;autoplay_speed&quot;:5000,&quot;infinite&quot;:&quot;yes&quot;,&quot;speed&quot;:500}\" data-widget_type=\"image-carousel.default\">\n\t\t\t\t<div class=\"elementor-widget-container\">\n\t\t\t\t\t\t\t<div class=\"elementor-image-carousel-wrapper swiper\" role=\"region\" aria-roledescription=\"carousel\" aria-label=\"Billedkarussel\" dir=\"ltr\">\n\t\t\t<div class=\"elementor-image-carousel swiper-wrapper\" aria-live=\"off\">\n\t\t\t\t\t\t\t\t<div class=\"swiper-slide\" role=\"group\" aria-roledescription=\"slide\" aria-label=\"1 of 8\"><figure class=\"swiper-slide-inner\"><img decoding=\"async\" class=\"swiper-slide-image\" src=\"https:\/\/vigorous-meitner.89-188-72-178.plesk.page\/wp-content\/uploads\/2024\/09\/About_History_Timeline-Mobile_v2.png\" alt=\"About_History_Timeline-Mobile_v2\" \/><\/figure><\/div><div class=\"swiper-slide\" role=\"group\" aria-roledescription=\"slide\" aria-label=\"2 of 8\"><figure class=\"swiper-slide-inner\"><img decoding=\"async\" class=\"swiper-slide-image\" src=\"https:\/\/vigorous-meitner.89-188-72-178.plesk.page\/wp-content\/uploads\/2024\/09\/About_History_Timeline-Mobile_v2-2.png\" alt=\"About_History_Timeline-Mobile_v2-2\" \/><\/figure><\/div><div class=\"swiper-slide\" role=\"group\" aria-roledescription=\"slide\" aria-label=\"3 of 8\"><figure class=\"swiper-slide-inner\"><img decoding=\"async\" class=\"swiper-slide-image\" src=\"https:\/\/vigorous-meitner.89-188-72-178.plesk.page\/wp-content\/uploads\/2024\/09\/About_History_Timeline-Mobile_v2-3.png\" alt=\"About_History_Timeline-Mobile_v2-3\" \/><\/figure><\/div><div class=\"swiper-slide\" role=\"group\" aria-roledescription=\"slide\" aria-label=\"4 of 8\"><figure class=\"swiper-slide-inner\"><img decoding=\"async\" class=\"swiper-slide-image\" src=\"https:\/\/vigorous-meitner.89-188-72-178.plesk.page\/wp-content\/uploads\/2024\/09\/About_History_Timeline-Mobile_v2-4.png\" alt=\"About_History_Timeline-Mobile_v2-4\" \/><\/figure><\/div><div class=\"swiper-slide\" role=\"group\" aria-roledescription=\"slide\" aria-label=\"5 of 8\"><figure class=\"swiper-slide-inner\"><img decoding=\"async\" class=\"swiper-slide-image\" src=\"https:\/\/vigorous-meitner.89-188-72-178.plesk.page\/wp-content\/uploads\/2024\/09\/About_History_Timeline-Mobile_v2-5.png\" alt=\"About_History_Timeline-Mobile_v2-5\" \/><\/figure><\/div><div class=\"swiper-slide\" role=\"group\" aria-roledescription=\"slide\" aria-label=\"6 of 8\"><figure class=\"swiper-slide-inner\"><img decoding=\"async\" class=\"swiper-slide-image\" src=\"https:\/\/vigorous-meitner.89-188-72-178.plesk.page\/wp-content\/uploads\/2024\/09\/About_History_Timeline-Mobile_v2-6.png\" alt=\"About_History_Timeline-Mobile_v2-6\" \/><\/figure><\/div><div class=\"swiper-slide\" role=\"group\" aria-roledescription=\"slide\" aria-label=\"7 of 8\"><figure class=\"swiper-slide-inner\"><img decoding=\"async\" class=\"swiper-slide-image\" src=\"https:\/\/vigorous-meitner.89-188-72-178.plesk.page\/wp-content\/uploads\/2024\/09\/About_History_Timeline-Mobile_v2-7.png\" alt=\"About_History_Timeline-Mobile_v2-7\" \/><\/figure><\/div><div class=\"swiper-slide\" role=\"group\" aria-roledescription=\"slide\" aria-label=\"8 of 8\"><figure class=\"swiper-slide-inner\"><img decoding=\"async\" class=\"swiper-slide-image\" src=\"https:\/\/vigorous-meitner.89-188-72-178.plesk.page\/wp-content\/uploads\/2024\/09\/About_History_Timeline-Mobile_v2-8.png\" alt=\"About_History_Timeline-Mobile_v2-8\" \/><\/figure><\/div>\t\t\t<\/div>\n\t\t\t\t\t\t\t\t\t\t\t\t<div class=\"elementor-swiper-button elementor-swiper-button-prev\" role=\"button\" tabindex=\"0\">\n\t\t\t\t\t\t<svg aria-hidden=\"true\" class=\"e-font-icon-svg e-eicon-chevron-left\" viewBox=\"0 0 1000 1000\" xmlns=\"http:\/\/www.w3.org\/2000\/svg\"><path d=\"M646 125C629 125 613 133 604 142L308 442C296 454 292 471 292 487 292 504 296 521 308 533L604 854C617 867 629 875 646 875 663 875 679 871 692 858 704 846 713 829 713 812 713 796 708 779 692 767L438 487 692 225C700 217 708 204 708 187 708 171 704 154 692 142 675 129 663 125 646 125Z\"><\/path><\/svg>\t\t\t\t\t<\/div>\n\t\t\t\t\t<div class=\"elementor-swiper-button elementor-swiper-button-next\" role=\"button\" tabindex=\"0\">\n\t\t\t\t\t\t<svg aria-hidden=\"true\" class=\"e-font-icon-svg e-eicon-chevron-right\" viewBox=\"0 0 1000 1000\" xmlns=\"http:\/\/www.w3.org\/2000\/svg\"><path d=\"M696 533C708 521 713 504 713 487 713 471 708 454 696 446L400 146C388 133 375 125 354 125 338 125 325 129 313 142 300 154 292 171 292 187 292 204 296 221 308 233L563 492 304 771C292 783 288 800 288 817 288 833 296 850 308 863 321 871 338 875 354 875 371 875 388 867 400 854L696 533Z\"><\/path><\/svg>\t\t\t\t\t<\/div>\n\t\t\t\t\n\t\t\t\t\t\t\t\t\t<div class=\"swiper-pagination\"><\/div>\n\t\t\t\t\t\t\t\t\t<\/div>\n\t\t\t\t\t\t<\/div>\n\t\t\t\t<\/div>\n\t\t\t\t<\/div>\n\t\t\t\t\t<\/div>\n\t\t\t\t<\/section>\n\t\t\t\t<\/div>\n\t\t","protected":false},"excerpt":{"rendered":"<p>TASTE THE FUTURE! Siden 1923 har vi arbejdet med plantebaserede r\u00e5varer og hybridprodukter, hvilket har gjort os til en frontl\u00f8ber inden for gr\u00f8n f\u00f8devareproduktion. Rejsen har v\u00e6ret lang, men vi tror p\u00e5, den f\u00f8rst lige er begyndt! Vores kolleger Menneskene bag Dragsb\u00e6k, er dem, der g\u00f8r os til det, vi er i dag. Med vores [&hellip;]<\/p>\n","protected":false},"author":2,"featured_media":0,"parent":0,"menu_order":0,"comment_status":"closed","ping_status":"closed","template":"","meta":{"_acf_changed":false,"inline_featured_image":false,"footnotes":""},"class_list":["post-522","page","type-page","status-publish","hentry"],"acf":[],"_links":{"self":[{"href":"https:\/\/vigorous-meitner.89-188-72-178.plesk.page\/index.php?rest_route=\/wp\/v2\/pages\/522","targetHints":{"allow":["GET"]}}],"collection":[{"href":"https:\/\/vigorous-meitner.89-188-72-178.plesk.page\/index.php?rest_route=\/wp\/v2\/pages"}],"about":[{"href":"https:\/\/vigorous-meitner.89-188-72-178.plesk.page\/index.php?rest_route=\/wp\/v2\/types\/page"}],"author":[{"embeddable":true,"href":"https:\/\/vigorous-meitner.89-188-72-178.plesk.page\/index.php?rest_route=\/wp\/v2\/users\/2"}],"replies":[{"embeddable":true,"href":"https:\/\/vigorous-meitner.89-188-72-178.plesk.page\/index.php?rest_route=%2Fwp%2Fv2%2Fcomments&post=522"}],"version-history":[{"count":11,"href":"https:\/\/vigorous-meitner.89-188-72-178.plesk.page\/index.php?rest_route=\/wp\/v2\/pages\/522\/revisions"}],"predecessor-version":[{"id":5224,"href":"https:\/\/vigorous-meitner.89-188-72-178.plesk.page\/index.php?rest_route=\/wp\/v2\/pages\/522\/revisions\/5224"}],"wp:attachment":[{"href":"https:\/\/vigorous-meitner.89-188-72-178.plesk.page\/index.php?rest_route=%2Fwp%2Fv2%2Fmedia&parent=522"}],"curies":[{"name":"wp","href":"https:\/\/api.w.org\/{rel}","templated":true}]}}