{"id":336,"date":"2024-06-27T13:42:24","date_gmt":"2024-06-27T11:42:24","guid":{"rendered":"https:\/\/vigorous-meitner.89-188-72-178.plesk.page.linux213.curanetserver.dk\/?page_id=336"},"modified":"2025-10-28T11:31:10","modified_gmt":"2025-10-28T10:31:10","slug":"detail","status":"publish","type":"page","link":"https:\/\/vigorous-meitner.89-188-72-178.plesk.page\/?page_id=336","title":{"rendered":"Detail"},"content":{"rendered":"\t\t<div data-elementor-type=\"wp-page\" data-elementor-id=\"336\" class=\"elementor elementor-336\" data-elementor-post-type=\"page\">\n\t\t\t\t<header class=\"elementor-element elementor-element-bf98107 e-con-full e-flex e-con e-parent\" data-id=\"bf98107\" data-element_type=\"container\" data-e-type=\"container\">\n\t\t\t\t<div class=\"elementor-element elementor-element-a9e7970 img-size elementor-hidden-mobile elementor-widget elementor-widget-image\" data-id=\"a9e7970\" data-element_type=\"widget\" data-e-type=\"widget\" data-widget_type=\"image.default\">\n\t\t\t\t<div class=\"elementor-widget-container\">\n\t\t\t\t\t\t\t\t\t\t\t\t\t\t\t<img loading=\"lazy\" decoding=\"async\" loading=\"lazy\" width=\"1903\" height=\"1016\" src=\"https:\/\/vigorous-meitner.89-188-72-178.plesk.page\/wp-content\/uploads\/2024\/10\/Detail-cut_LM.jpg\" class=\"attachment-full size-full wp-image-1333\" alt=\"\" srcset=\"https:\/\/vigorous-meitner.89-188-72-178.plesk.page\/wp-content\/uploads\/2024\/10\/Detail-cut_LM.jpg 1903w, https:\/\/vigorous-meitner.89-188-72-178.plesk.page\/wp-content\/uploads\/2024\/10\/Detail-cut_LM-300x160.jpg 300w, https:\/\/vigorous-meitner.89-188-72-178.plesk.page\/wp-content\/uploads\/2024\/10\/Detail-cut_LM-1024x547.jpg 1024w, https:\/\/vigorous-meitner.89-188-72-178.plesk.page\/wp-content\/uploads\/2024\/10\/Detail-cut_LM-768x410.jpg 768w, https:\/\/vigorous-meitner.89-188-72-178.plesk.page\/wp-content\/uploads\/2024\/10\/Detail-cut_LM-1536x820.jpg 1536w\" sizes=\"auto, (max-width: 1903px) 100vw, 1903px\" \/>\t\t\t\t\t\t\t\t\t\t\t\t\t\t\t<\/div>\n\t\t\t\t<\/div>\n\t\t\t\t<div class=\"elementor-element elementor-element-a538956 img-size elementor-hidden-desktop elementor-hidden-tablet elementor-widget elementor-widget-image\" data-id=\"a538956\" data-element_type=\"widget\" data-e-type=\"widget\" data-widget_type=\"image.default\">\n\t\t\t\t<div class=\"elementor-widget-container\">\n\t\t\t\t\t\t\t\t\t\t\t\t\t\t\t<img loading=\"lazy\" decoding=\"async\" loading=\"lazy\" width=\"800\" height=\"1336\" src=\"https:\/\/vigorous-meitner.89-188-72-178.plesk.page\/wp-content\/uploads\/2024\/06\/Naturli_Products-mobile.jpg\" class=\"attachment-full size-full wp-image-338\" alt=\"\" srcset=\"https:\/\/vigorous-meitner.89-188-72-178.plesk.page\/wp-content\/uploads\/2024\/06\/Naturli_Products-mobile.jpg 800w, https:\/\/vigorous-meitner.89-188-72-178.plesk.page\/wp-content\/uploads\/2024\/06\/Naturli_Products-mobile-180x300.jpg 180w, https:\/\/vigorous-meitner.89-188-72-178.plesk.page\/wp-content\/uploads\/2024\/06\/Naturli_Products-mobile-613x1024.jpg 613w, https:\/\/vigorous-meitner.89-188-72-178.plesk.page\/wp-content\/uploads\/2024\/06\/Naturli_Products-mobile-768x1283.jpg 768w\" sizes=\"auto, (max-width: 800px) 100vw, 800px\" \/>\t\t\t\t\t\t\t\t\t\t\t\t\t\t\t<\/div>\n\t\t\t\t<\/div>\n\t\t<section class=\"elementor-element elementor-element-f51de1f e-con-full e-flex e-con e-child\" data-id=\"f51de1f\" data-element_type=\"container\" data-e-type=\"container\" data-settings=\"{&quot;position&quot;:&quot;absolute&quot;}\">\n\t\t<article class=\"elementor-element elementor-element-25f3b2e e-con-full e-flex e-con e-child\" data-id=\"25f3b2e\" data-element_type=\"container\" data-e-type=\"container\">\n\t\t\t\t<div class=\"elementor-element elementor-element-401d1f2 elementor-widget elementor-widget-heading\" data-id=\"401d1f2\" data-element_type=\"widget\" data-e-type=\"widget\" data-widget_type=\"heading.default\">\n\t\t\t\t<div class=\"elementor-widget-container\">\n\t\t\t\t\t<h2 class=\"elementor-heading-title elementor-size-default\">Detail<\/h2>\t\t\t\t<\/div>\n\t\t\t\t<\/div>\n\t\t\t\t<div class=\"elementor-element elementor-element-aa69fd9 link-clr-green elementor-widget elementor-widget-text-editor\" data-id=\"aa69fd9\" data-element_type=\"widget\" data-e-type=\"widget\" data-widget_type=\"text-editor.default\">\n\t\t\t\t<div class=\"elementor-widget-container\">\n\t\t\t\t\t\t\t\t\t<p>Vi har en stor passion for detailhandlen og br\u00e6nder for at bringe vores velsmagende produkter ud til den<br \/>brede befolkning. <a href=\"\/wp-content\/uploads\/2024\/11\/Dragsbaek-Katalog-2024.pdf\" target=\"_blank\" rel=\"noopener\">Se alle vores produkter her.<\/a><\/p>\t\t\t\t\t\t\t\t<\/div>\n\t\t\t\t<\/div>\n\t\t\t\t<\/article>\n\t\t<div class=\"elementor-element elementor-element-596d056 e-con-full e-flex e-con e-child\" data-id=\"596d056\" data-element_type=\"container\" data-e-type=\"container\">\n\t\t\t\t<\/div>\n\t\t\t\t<\/section>\n\t\t\t\t<\/header>\n\t\t<main class=\"elementor-element elementor-element-c8c8d35 e-con-full e-flex e-con e-parent\" data-id=\"c8c8d35\" data-element_type=\"container\" data-e-type=\"container\" data-settings=\"{&quot;background_background&quot;:&quot;classic&quot;}\">\n\t\t<article class=\"elementor-element elementor-element-04c28f6 e-con-full e-flex e-con e-child\" data-id=\"04c28f6\" data-element_type=\"container\" data-e-type=\"container\" data-settings=\"{&quot;background_background&quot;:&quot;classic&quot;}\">\n\t\t\t\t<div class=\"elementor-element elementor-element-37a94cd elementor-widget elementor-widget-heading\" data-id=\"37a94cd\" data-element_type=\"widget\" data-e-type=\"widget\" data-widget_type=\"heading.default\">\n\t\t\t\t<div class=\"elementor-widget-container\">\n\t\t\t\t\t<h1 class=\"elementor-heading-title elementor-size-default\">Private label<\/h1>\t\t\t\t<\/div>\n\t\t\t\t<\/div>\n\t\t\t\t<div class=\"elementor-element elementor-element-7ec48c8 elementor-widget elementor-widget-text-editor\" data-id=\"7ec48c8\" data-element_type=\"widget\" data-e-type=\"widget\" data-widget_type=\"text-editor.default\">\n\t\t\t\t<div class=\"elementor-widget-container\">\n\t\t\t\t\t\t\t\t\tVi har en lang tradition for at udvikle produkter efter vores kunders \u00f8nsker til en god pris, hvilket har gjort os til en af de f\u00f8rende og foretrukne private label-producenter, inden for vores fagomr\u00e5de i Norden.\t\t\t\t\t\t\t\t<\/div>\n\t\t\t\t<\/div>\n\t\t\t\t<\/article>\n\t\t<aside class=\"elementor-element elementor-element-67ff5ed e-con-full e-flex e-con e-child\" data-id=\"67ff5ed\" data-element_type=\"container\" data-e-type=\"container\" data-settings=\"{&quot;background_background&quot;:&quot;classic&quot;}\">\n\t\t\t\t<\/aside>\n\t\t\t\t<\/main>\n\t\t<section class=\"elementor-element elementor-element-9c669ef e-con-full e-flex e-con e-parent\" data-id=\"9c669ef\" data-element_type=\"container\" data-e-type=\"container\" data-settings=\"{&quot;background_background&quot;:&quot;classic&quot;}\">\n\t\t<aside class=\"elementor-element elementor-element-a936d1d e-con-full e-flex e-con e-child\" data-id=\"a936d1d\" data-element_type=\"container\" data-e-type=\"container\" data-settings=\"{&quot;background_background&quot;:&quot;classic&quot;}\">\n\t\t\t\t<\/aside>\n\t\t<article class=\"elementor-element elementor-element-e8f23f1 e-con-full e-flex e-con e-child\" data-id=\"e8f23f1\" data-element_type=\"container\" data-e-type=\"container\">\n\t\t\t\t<div class=\"elementor-element elementor-element-57220ce elementor-widget elementor-widget-heading\" data-id=\"57220ce\" data-element_type=\"widget\" data-e-type=\"widget\" data-widget_type=\"heading.default\">\n\t\t\t\t<div class=\"elementor-widget-container\">\n\t\t\t\t\t<h2 class=\"elementor-heading-title elementor-size-default\">Brands<\/h2>\t\t\t\t<\/div>\n\t\t\t\t<\/div>\n\t\t\t\t<div class=\"elementor-element elementor-element-a272503 elementor-widget elementor-widget-text-editor\" data-id=\"a272503\" data-element_type=\"widget\" data-e-type=\"widget\" data-widget_type=\"text-editor.default\">\n\t\t\t\t<div class=\"elementor-widget-container\">\n\t\t\t\t\t\t\t\t\tVores retail-brands er <span class=\"off-clr\"> blandt de f\u00f8rende<\/span> p\u00e5 hver deres omr\u00e5der og <span class=\"off-clr\">vi str\u00e6ber altid efter at levere\nkvalitetsprodukter<\/span> til den bedst mulige pris.\t\t\t\t\t\t\t\t<\/div>\n\t\t\t\t<\/div>\n\t\t\t\t<div class=\"elementor-element elementor-element-6e39313 elementor-widget elementor-widget-button\" data-id=\"6e39313\" data-element_type=\"widget\" data-e-type=\"widget\" data-widget_type=\"button.default\">\n\t\t\t\t<div class=\"elementor-widget-container\">\n\t\t\t\t\t\t\t\t\t<div class=\"elementor-button-wrapper\">\n\t\t\t\t\t<a class=\"elementor-button elementor-button-link elementor-size-sm\" href=\"\/brands\/\">\n\t\t\t\t\t\t<span class=\"elementor-button-content-wrapper\">\n\t\t\t\t\t\t\t\t\t<span class=\"elementor-button-text\">L\u00e6s mere<\/span>\n\t\t\t\t\t<\/span>\n\t\t\t\t\t<\/a>\n\t\t\t\t<\/div>\n\t\t\t\t\t\t\t\t<\/div>\n\t\t\t\t<\/div>\n\t\t\t\t<\/article>\n\t\t\t\t<\/section>\n\t\t<section class=\"elementor-element elementor-element-a5c1832 e-flex e-con-boxed e-con e-parent\" data-id=\"a5c1832\" data-element_type=\"container\" data-e-type=\"container\">\n\t\t\t\t\t<div class=\"e-con-inner\">\n\t\t<div class=\"elementor-element elementor-element-48780f2 e-con-full e-flex e-con e-child\" data-id=\"48780f2\" data-element_type=\"container\" data-e-type=\"container\">\n\t\t\t\t<div class=\"elementor-element elementor-element-57daa4c elementor-widget elementor-widget-image\" data-id=\"57daa4c\" data-element_type=\"widget\" data-e-type=\"widget\" data-widget_type=\"image.default\">\n\t\t\t\t<div class=\"elementor-widget-container\">\n\t\t\t\t\t\t\t\t\t\t\t\t\t\t\t<img loading=\"lazy\" decoding=\"async\" loading=\"lazy\" width=\"300\" height=\"300\" src=\"https:\/\/vigorous-meitner.89-188-72-178.plesk.page\/wp-content\/uploads\/2024\/06\/DB-Web_Bakkedal_Brand_Logo_Circle.png\" class=\"attachment-large size-large wp-image-54\" alt=\"\" srcset=\"https:\/\/vigorous-meitner.89-188-72-178.plesk.page\/wp-content\/uploads\/2024\/06\/DB-Web_Bakkedal_Brand_Logo_Circle.png 300w, https:\/\/vigorous-meitner.89-188-72-178.plesk.page\/wp-content\/uploads\/2024\/06\/DB-Web_Bakkedal_Brand_Logo_Circle-150x150.png 150w\" sizes=\"auto, (max-width: 300px) 100vw, 300px\" \/>\t\t\t\t\t\t\t\t\t\t\t\t\t\t\t<\/div>\n\t\t\t\t<\/div>\n\t\t\t\t<div class=\"elementor-element elementor-element-cb9d69a elementor-widget elementor-widget-image\" data-id=\"cb9d69a\" data-element_type=\"widget\" data-e-type=\"widget\" data-widget_type=\"image.default\">\n\t\t\t\t<div class=\"elementor-widget-container\">\n\t\t\t\t\t\t\t\t\t\t\t\t\t\t\t<img loading=\"lazy\" decoding=\"async\" loading=\"lazy\" width=\"300\" height=\"300\" src=\"https:\/\/vigorous-meitner.89-188-72-178.plesk.page\/wp-content\/uploads\/2024\/06\/DB-Web_Naturli_Brand_Logo_Circle.png\" class=\"attachment-large size-large wp-image-55\" alt=\"\" srcset=\"https:\/\/vigorous-meitner.89-188-72-178.plesk.page\/wp-content\/uploads\/2024\/06\/DB-Web_Naturli_Brand_Logo_Circle.png 300w, https:\/\/vigorous-meitner.89-188-72-178.plesk.page\/wp-content\/uploads\/2024\/06\/DB-Web_Naturli_Brand_Logo_Circle-150x150.png 150w\" sizes=\"auto, (max-width: 300px) 100vw, 300px\" \/>\t\t\t\t\t\t\t\t\t\t\t\t\t\t\t<\/div>\n\t\t\t\t<\/div>\n\t\t\t\t<div class=\"elementor-element elementor-element-377efb5 elementor-widget elementor-widget-image\" data-id=\"377efb5\" data-element_type=\"widget\" data-e-type=\"widget\" data-widget_type=\"image.default\">\n\t\t\t\t<div class=\"elementor-widget-container\">\n\t\t\t\t\t\t\t\t\t\t\t\t\t\t\t<img loading=\"lazy\" decoding=\"async\" loading=\"lazy\" width=\"300\" height=\"300\" src=\"https:\/\/vigorous-meitner.89-188-72-178.plesk.page\/wp-content\/uploads\/2024\/10\/DB-Web_Ama_Brand_Logo_Circle.png\" class=\"attachment-large size-large wp-image-1558\" alt=\"\" srcset=\"https:\/\/vigorous-meitner.89-188-72-178.plesk.page\/wp-content\/uploads\/2024\/10\/DB-Web_Ama_Brand_Logo_Circle.png 300w, https:\/\/vigorous-meitner.89-188-72-178.plesk.page\/wp-content\/uploads\/2024\/10\/DB-Web_Ama_Brand_Logo_Circle-150x150.png 150w\" sizes=\"auto, (max-width: 300px) 100vw, 300px\" \/>\t\t\t\t\t\t\t\t\t\t\t\t\t\t\t<\/div>\n\t\t\t\t<\/div>\n\t\t\t\t<\/div>\n\t\t\t\t\t<\/div>\n\t\t\t\t<\/section>\n\t\t\t\t<\/div>\n\t\t","protected":false},"excerpt":{"rendered":"<p>Detail Vi har en stor passion for detailhandlen og br\u00e6nder for at bringe vores velsmagende produkter ud til denbrede befolkning. Se alle vores produkter her. Private label Vi har en lang tradition for at udvikle produkter efter vores kunders \u00f8nsker til en god pris, hvilket har gjort os til en af de f\u00f8rende og foretrukne [&hellip;]<\/p>\n","protected":false},"author":2,"featured_media":0,"parent":0,"menu_order":0,"comment_status":"closed","ping_status":"closed","template":"","meta":{"_acf_changed":false,"inline_featured_image":false,"footnotes":""},"class_list":["post-336","page","type-page","status-publish","hentry"],"acf":[],"_links":{"self":[{"href":"https:\/\/vigorous-meitner.89-188-72-178.plesk.page\/index.php?rest_route=\/wp\/v2\/pages\/336","targetHints":{"allow":["GET"]}}],"collection":[{"href":"https:\/\/vigorous-meitner.89-188-72-178.plesk.page\/index.php?rest_route=\/wp\/v2\/pages"}],"about":[{"href":"https:\/\/vigorous-meitner.89-188-72-178.plesk.page\/index.php?rest_route=\/wp\/v2\/types\/page"}],"author":[{"embeddable":true,"href":"https:\/\/vigorous-meitner.89-188-72-178.plesk.page\/index.php?rest_route=\/wp\/v2\/users\/2"}],"replies":[{"embeddable":true,"href":"https:\/\/vigorous-meitner.89-188-72-178.plesk.page\/index.php?rest_route=%2Fwp%2Fv2%2Fcomments&post=336"}],"version-history":[{"count":11,"href":"https:\/\/vigorous-meitner.89-188-72-178.plesk.page\/index.php?rest_route=\/wp\/v2\/pages\/336\/revisions"}],"predecessor-version":[{"id":5191,"href":"https:\/\/vigorous-meitner.89-188-72-178.plesk.page\/index.php?rest_route=\/wp\/v2\/pages\/336\/revisions\/5191"}],"wp:attachment":[{"href":"https:\/\/vigorous-meitner.89-188-72-178.plesk.page\/index.php?rest_route=%2Fwp%2Fv2%2Fmedia&parent=336"}],"curies":[{"name":"wp","href":"https:\/\/api.w.org\/{rel}","templated":true}]}}