{"id":13,"date":"2024-06-25T12:38:59","date_gmt":"2024-06-25T10:38:59","guid":{"rendered":"https:\/\/vigorous-meitner.89-188-72-178.plesk.page.linux213.curanetserver.dk\/?page_id=13"},"modified":"2025-12-03T12:13:51","modified_gmt":"2025-12-03T11:13:51","slug":"forside","status":"publish","type":"page","link":"https:\/\/vigorous-meitner.89-188-72-178.plesk.page\/","title":{"rendered":"Forside"},"content":{"rendered":"\t\t<div data-elementor-type=\"wp-page\" data-elementor-id=\"13\" class=\"elementor elementor-13\" data-elementor-post-type=\"page\">\n\t\t\t\t<header class=\"elementor-element elementor-element-ab7998d e-con-full e-flex e-con e-parent\" data-id=\"ab7998d\" data-element_type=\"container\" data-e-type=\"container\" data-settings=\"{&quot;background_background&quot;:&quot;video&quot;,&quot;background_video_link&quot;:&quot;https:\\\/\\\/vimeo.com\\\/1023263321&quot;,&quot;background_play_on_mobile&quot;:&quot;yes&quot;}\">\n\t\t<div class=\"elementor-background-video-container\">\n\t\t\t\t\t\t\t<div class=\"elementor-background-video-embed\" role=\"presentation\"><\/div>\n\t\t\t\t\t\t<\/div>\t\t<div class=\"elementor-element elementor-element-1306532 elementor-widget elementor-widget-heading\" data-id=\"1306532\" data-element_type=\"widget\" data-e-type=\"widget\" data-widget_type=\"heading.default\">\n\t\t\t\t<div class=\"elementor-widget-container\">\n\t\t\t\t\t<h1 class=\"elementor-heading-title elementor-size-default\">Taste the future<\/h1>\t\t\t\t<\/div>\n\t\t\t\t<\/div>\n\t\t\t\t<\/header>\n\t\t<main class=\"elementor-element elementor-element-45814b7 e-con-full e-flex e-con e-parent\" data-id=\"45814b7\" data-element_type=\"container\" data-e-type=\"container\" data-settings=\"{&quot;background_background&quot;:&quot;classic&quot;}\">\n\t\t<article class=\"elementor-element elementor-element-607cdbe e-con-full e-flex e-con e-child\" data-id=\"607cdbe\" data-element_type=\"container\" data-e-type=\"container\" data-settings=\"{&quot;background_background&quot;:&quot;classic&quot;}\">\n\t\t\t\t<div class=\"elementor-element elementor-element-a795a62 elementor-widget elementor-widget-heading\" data-id=\"a795a62\" data-element_type=\"widget\" data-e-type=\"widget\" data-widget_type=\"heading.default\">\n\t\t\t\t<div class=\"elementor-widget-container\">\n\t\t\t\t\t<h2 class=\"elementor-heading-title elementor-size-default\">LEADING THE WAY SINCE 1923<\/h2>\t\t\t\t<\/div>\n\t\t\t\t<\/div>\n\t\t\t\t<div class=\"elementor-element elementor-element-9d4a64f elementor-widget elementor-widget-text-editor\" data-id=\"9d4a64f\" data-element_type=\"widget\" data-e-type=\"widget\" data-widget_type=\"text-editor.default\">\n\t\t\t\t<div class=\"elementor-widget-container\">\n\t\t\t\t\t\t\t\t\t<p>Dragsb\u00e6k er&nbsp;<span class=\"off-clr-lightgreen\">en ledende producent og leverand\u00f8r p\u00e5 det nordiske marked,<\/span> med ekspertise indenfor plante- og hybridprodukter i mejeri, &nbsp;<span class=\"off-clr-lightgreen\">til b\u00e5de private og professionelle.<\/span><\/p>\t\t\t\t\t\t\t\t<\/div>\n\t\t\t\t<\/div>\n\t\t\t\t<\/article>\n\t\t\t\t<\/main>\n\t\t<section class=\"elementor-element elementor-element-a096712 e-con-full e-flex e-con e-parent\" data-id=\"a096712\" data-element_type=\"container\" data-e-type=\"container\" data-settings=\"{&quot;background_background&quot;:&quot;classic&quot;}\">\n\t\t<article class=\"elementor-element elementor-element-f339fec e-con-full e-flex e-con e-child\" data-id=\"f339fec\" data-element_type=\"container\" data-e-type=\"container\">\n\t\t\t\t<div class=\"elementor-element elementor-element-4158982 elementor-widget elementor-widget-heading\" data-id=\"4158982\" data-element_type=\"widget\" data-e-type=\"widget\" data-widget_type=\"heading.default\">\n\t\t\t\t<div class=\"elementor-widget-container\">\n\t\t\t\t\t<h2 class=\"elementor-heading-title elementor-size-default\">Beverage &amp; Nutrition<\/h2>\t\t\t\t<\/div>\n\t\t\t\t<\/div>\n\t\t\t\t<div class=\"elementor-element elementor-element-61cb43a elementor-widget elementor-widget-text-editor\" data-id=\"61cb43a\" data-element_type=\"widget\" data-e-type=\"widget\" data-widget_type=\"text-editor.default\">\n\t\t\t\t<div class=\"elementor-widget-container\">\n\t\t\t\t\t\t\t\t\t<p>Dragsb\u00e6k er en f\u00f8rende leverand\u00f8r af plantedrikke, med verdensklasse produktion lokalt i Jylland. Vi har ambiti\u00f8se v\u00e6kstplaner med et \u00f8nske om at udfordre et marked pr\u00e6get af traditionelle m\u00e6lkeprodukter.<\/p>\t\t\t\t\t\t\t\t<\/div>\n\t\t\t\t<\/div>\n\t\t\t\t<div class=\"elementor-element elementor-element-b5b7552 elementor-widget elementor-widget-button\" data-id=\"b5b7552\" data-element_type=\"widget\" data-e-type=\"widget\" data-widget_type=\"button.default\">\n\t\t\t\t<div class=\"elementor-widget-container\">\n\t\t\t\t\t\t\t\t\t<div class=\"elementor-button-wrapper\">\n\t\t\t\t\t<a class=\"elementor-button elementor-button-link elementor-size-sm\" href=\"\/beverage-nutrition\/\">\n\t\t\t\t\t\t<span class=\"elementor-button-content-wrapper\">\n\t\t\t\t\t\t\t\t\t<span class=\"elementor-button-text\">L\u00e6s mere<\/span>\n\t\t\t\t\t<\/span>\n\t\t\t\t\t<\/a>\n\t\t\t\t<\/div>\n\t\t\t\t\t\t\t\t<\/div>\n\t\t\t\t<\/div>\n\t\t\t\t<\/article>\n\t\t<aside class=\"elementor-element elementor-element-4842133 e-con-full e-flex e-con e-child\" data-id=\"4842133\" data-element_type=\"container\" data-e-type=\"container\">\n\t\t\t\t<div class=\"elementor-element elementor-element-4ba6356 elementor-widget elementor-widget-image\" data-id=\"4ba6356\" data-element_type=\"widget\" data-e-type=\"widget\" data-widget_type=\"image.default\">\n\t\t\t\t<div class=\"elementor-widget-container\">\n\t\t\t\t\t\t\t\t\t\t\t\t\t\t\t<img loading=\"lazy\" decoding=\"async\" loading=\"lazy\" width=\"572\" height=\"550\" src=\"https:\/\/vigorous-meitner.89-188-72-178.plesk.page\/wp-content\/uploads\/2024\/06\/Dragsbaek_Drinkables_Splash.png\" class=\"attachment-large size-large wp-image-50\" alt=\"\" srcset=\"https:\/\/vigorous-meitner.89-188-72-178.plesk.page\/wp-content\/uploads\/2024\/06\/Dragsbaek_Drinkables_Splash.png 572w, https:\/\/vigorous-meitner.89-188-72-178.plesk.page\/wp-content\/uploads\/2024\/06\/Dragsbaek_Drinkables_Splash-300x288.png 300w\" sizes=\"auto, (max-width: 572px) 100vw, 572px\" \/>\t\t\t\t\t\t\t\t\t\t\t\t\t\t\t<\/div>\n\t\t\t\t<\/div>\n\t\t\t\t<\/aside>\n\t\t\t\t<\/section>\n\t\t<section class=\"elementor-element elementor-element-594689d e-con-full e-flex e-con e-parent\" data-id=\"594689d\" data-element_type=\"container\" data-e-type=\"container\" data-settings=\"{&quot;background_background&quot;:&quot;classic&quot;}\">\n\t\t<aside class=\"elementor-element elementor-element-e1b4c52 e-con-full e-flex e-con e-child\" data-id=\"e1b4c52\" data-element_type=\"container\" data-e-type=\"container\">\n\t\t\t\t<div class=\"elementor-element elementor-element-3642562 elementor-widget elementor-widget-image\" data-id=\"3642562\" data-element_type=\"widget\" data-e-type=\"widget\" data-widget_type=\"image.default\">\n\t\t\t\t<div class=\"elementor-widget-container\">\n\t\t\t\t\t\t\t\t\t\t\t\t\t\t\t<img loading=\"lazy\" decoding=\"async\" loading=\"lazy\" width=\"800\" height=\"690\" src=\"https:\/\/vigorous-meitner.89-188-72-178.plesk.page\/wp-content\/uploads\/2024\/09\/Fats-And-Oils_Raps-Flowers_AMA-Flydende_NY.png\" class=\"attachment-large size-large wp-image-1145\" alt=\"\" srcset=\"https:\/\/vigorous-meitner.89-188-72-178.plesk.page\/wp-content\/uploads\/2024\/09\/Fats-And-Oils_Raps-Flowers_AMA-Flydende_NY.png 1000w, https:\/\/vigorous-meitner.89-188-72-178.plesk.page\/wp-content\/uploads\/2024\/09\/Fats-And-Oils_Raps-Flowers_AMA-Flydende_NY-300x259.png 300w, https:\/\/vigorous-meitner.89-188-72-178.plesk.page\/wp-content\/uploads\/2024\/09\/Fats-And-Oils_Raps-Flowers_AMA-Flydende_NY-768x663.png 768w\" sizes=\"auto, (max-width: 800px) 100vw, 800px\" \/>\t\t\t\t\t\t\t\t\t\t\t\t\t\t\t<\/div>\n\t\t\t\t<\/div>\n\t\t\t\t<\/aside>\n\t\t<article class=\"elementor-element elementor-element-b5e1936 e-con-full e-flex e-con e-child\" data-id=\"b5e1936\" data-element_type=\"container\" data-e-type=\"container\">\n\t\t\t\t<div class=\"elementor-element elementor-element-cde9084 elementor-widget elementor-widget-heading\" data-id=\"cde9084\" data-element_type=\"widget\" data-e-type=\"widget\" data-widget_type=\"heading.default\">\n\t\t\t\t<div class=\"elementor-widget-container\">\n\t\t\t\t\t<h2 class=\"elementor-heading-title elementor-size-default\">Foods<\/h2>\t\t\t\t<\/div>\n\t\t\t\t<\/div>\n\t\t\t\t<div class=\"elementor-element elementor-element-b4580d9 elementor-widget elementor-widget-text-editor\" data-id=\"b4580d9\" data-element_type=\"widget\" data-e-type=\"widget\" data-widget_type=\"text-editor.default\">\n\t\t\t\t<div class=\"elementor-widget-container\">\n\t\t\t\t\t\t\t\t\t<p>Fedt og olier har v\u00e6ret vores kerneforretning siden 1923, og vi er i dag Danmarks eneste tilbagev\u00e6rende margarineproducent. Med stor ekspertise inden for hybridprodukter fokuserer vi p\u00e5 smag, funktionalitet og pris. Vi tilbyder ogs\u00e5 skr\u00e6ddersyede l\u00f8sninger til b\u00e5de brands og private label.<\/p>\t\t\t\t\t\t\t\t<\/div>\n\t\t\t\t<\/div>\n\t\t\t\t<div class=\"elementor-element elementor-element-c418fd7 elementor-widget elementor-widget-button\" data-id=\"c418fd7\" data-element_type=\"widget\" data-e-type=\"widget\" data-widget_type=\"button.default\">\n\t\t\t\t<div class=\"elementor-widget-container\">\n\t\t\t\t\t\t\t\t\t<div class=\"elementor-button-wrapper\">\n\t\t\t\t\t<a class=\"elementor-button elementor-button-link elementor-size-sm\" href=\"\/foods\/\">\n\t\t\t\t\t\t<span class=\"elementor-button-content-wrapper\">\n\t\t\t\t\t\t\t\t\t<span class=\"elementor-button-text\">L\u00e6s mere<\/span>\n\t\t\t\t\t<\/span>\n\t\t\t\t\t<\/a>\n\t\t\t\t<\/div>\n\t\t\t\t\t\t\t\t<\/div>\n\t\t\t\t<\/div>\n\t\t\t\t<\/article>\n\t\t\t\t<\/section>\n\t\t<section class=\"elementor-element elementor-element-1ed730a e-con-full e-flex e-con e-parent\" data-id=\"1ed730a\" data-element_type=\"container\" data-e-type=\"container\" data-settings=\"{&quot;background_background&quot;:&quot;classic&quot;}\">\n\t\t<article class=\"elementor-element elementor-element-83a0acf e-con-full bg-white e-flex e-con e-child\" data-id=\"83a0acf\" data-element_type=\"container\" data-e-type=\"container\">\n\t\t\t\t<div class=\"elementor-element elementor-element-8de6262 elementor-widget elementor-widget-heading\" data-id=\"8de6262\" data-element_type=\"widget\" data-e-type=\"widget\" data-widget_type=\"heading.default\">\n\t\t\t\t<div class=\"elementor-widget-container\">\n\t\t\t\t\t<h2 class=\"elementor-heading-title elementor-size-default\">Ice Cream &amp; Desserts<\/h2>\t\t\t\t<\/div>\n\t\t\t\t<\/div>\n\t\t\t\t<div class=\"elementor-element elementor-element-73865ef text-green elementor-widget elementor-widget-text-editor\" data-id=\"73865ef\" data-element_type=\"widget\" data-e-type=\"widget\" data-widget_type=\"text-editor.default\">\n\t\t\t\t<div class=\"elementor-widget-container\">\n\t\t\t\t\t\t\t\t\t<p><span style=\"font-weight: 400;\">Det er f\u00e5 ting, som smager bedre end is!<\/span><span style=\"font-weight: 400;\"> Derfor sigter vi efter at lave de l\u00e6kreste is og desserter p\u00e5 det skandinaviske marked. Vores gelato-kokke kan lave alt hvad hjertet beg\u00e6rer \u2013 <\/span><span style=\"font-weight: 400;\">lavet<\/span><span style=\"font-weight: 400;\"> p\u00e5 planter, mejeriprodukter eller en himmelsk blanding.<\/span><\/p>\t\t\t\t\t\t\t\t<\/div>\n\t\t\t\t<\/div>\n\t\t\t\t<div class=\"elementor-element elementor-element-c204967 elementor-widget elementor-widget-button\" data-id=\"c204967\" data-element_type=\"widget\" data-e-type=\"widget\" data-widget_type=\"button.default\">\n\t\t\t\t<div class=\"elementor-widget-container\">\n\t\t\t\t\t\t\t\t\t<div class=\"elementor-button-wrapper\">\n\t\t\t\t\t<a class=\"elementor-button elementor-button-link elementor-size-sm\" href=\"\/ice-cream-desserts\/\">\n\t\t\t\t\t\t<span class=\"elementor-button-content-wrapper\">\n\t\t\t\t\t\t\t\t\t<span class=\"elementor-button-text\">L\u00e6s mere<\/span>\n\t\t\t\t\t<\/span>\n\t\t\t\t\t<\/a>\n\t\t\t\t<\/div>\n\t\t\t\t\t\t\t\t<\/div>\n\t\t\t\t<\/div>\n\t\t\t\t<\/article>\n\t\t<aside class=\"elementor-element elementor-element-eba5dcb e-con-full e-flex e-con e-child\" data-id=\"eba5dcb\" data-element_type=\"container\" data-e-type=\"container\">\n\t\t\t\t<div class=\"elementor-element elementor-element-8d9db14 elementor-widget elementor-widget-image\" data-id=\"8d9db14\" data-element_type=\"widget\" data-e-type=\"widget\" data-widget_type=\"image.default\">\n\t\t\t\t<div class=\"elementor-widget-container\">\n\t\t\t\t\t\t\t\t\t\t\t\t\t\t\t<img loading=\"lazy\" decoding=\"async\" loading=\"lazy\" width=\"1000\" height=\"674\" src=\"https:\/\/vigorous-meitner.89-188-72-178.plesk.page\/wp-content\/uploads\/2024\/10\/Ice-cream-desserts-cut2.jpg\" class=\"attachment-full size-full wp-image-1270\" alt=\"\" srcset=\"https:\/\/vigorous-meitner.89-188-72-178.plesk.page\/wp-content\/uploads\/2024\/10\/Ice-cream-desserts-cut2.jpg 1000w, https:\/\/vigorous-meitner.89-188-72-178.plesk.page\/wp-content\/uploads\/2024\/10\/Ice-cream-desserts-cut2-300x202.jpg 300w, https:\/\/vigorous-meitner.89-188-72-178.plesk.page\/wp-content\/uploads\/2024\/10\/Ice-cream-desserts-cut2-768x518.jpg 768w\" sizes=\"auto, (max-width: 1000px) 100vw, 1000px\" \/>\t\t\t\t\t\t\t\t\t\t\t\t\t\t\t<\/div>\n\t\t\t\t<\/div>\n\t\t\t\t<\/aside>\n\t\t\t\t<\/section>\n\t\t<section class=\"elementor-element elementor-element-5553f00 e-con-full e-flex e-con e-parent\" data-id=\"5553f00\" data-element_type=\"container\" data-e-type=\"container\" data-settings=\"{&quot;background_background&quot;:&quot;classic&quot;}\">\n\t\t<aside class=\"elementor-element elementor-element-e08ade3 e-con-full e-flex e-con e-child\" data-id=\"e08ade3\" data-element_type=\"container\" data-e-type=\"container\" data-settings=\"{&quot;background_background&quot;:&quot;classic&quot;}\">\n\t\t\t\t<\/aside>\n\t\t<article class=\"elementor-element elementor-element-ad57b78 e-con-full bg-dark e-flex e-con e-child\" data-id=\"ad57b78\" data-element_type=\"container\" data-e-type=\"container\" data-settings=\"{&quot;background_background&quot;:&quot;classic&quot;}\">\n\t\t\t\t<div class=\"elementor-element elementor-element-4494e0c clr-white elementor-widget elementor-widget-heading\" data-id=\"4494e0c\" data-element_type=\"widget\" data-e-type=\"widget\" data-widget_type=\"heading.default\">\n\t\t\t\t<div class=\"elementor-widget-container\">\n\t\t\t\t\t<h2 class=\"elementor-heading-title elementor-size-default\">Trading<\/h2>\t\t\t\t<\/div>\n\t\t\t\t<\/div>\n\t\t\t\t<div class=\"elementor-element elementor-element-2495099 clr-white elementor-widget elementor-widget-text-editor\" data-id=\"2495099\" data-element_type=\"widget\" data-e-type=\"widget\" data-widget_type=\"text-editor.default\">\n\t\t\t\t<div class=\"elementor-widget-container\">\n\t\t\t\t\t\t\t\t\t<p>Vi samarbejder med de bedste leverand\u00f8rer over hele verden for at bringe velsmagende og konkurrencedygtige kvalitetsprodukter ud til vores skandinaviske kunder. Med vores unikke netv\u00e6rk og operationelle setup, sigter vi efter at v\u00e6re den foretrukne samarbejdspartner for handelsvarer!<\/p>\t\t\t\t\t\t\t\t<\/div>\n\t\t\t\t<\/div>\n\t\t\t\t<div class=\"elementor-element elementor-element-852a09c elementor-widget elementor-widget-button\" data-id=\"852a09c\" data-element_type=\"widget\" data-e-type=\"widget\" data-widget_type=\"button.default\">\n\t\t\t\t<div class=\"elementor-widget-container\">\n\t\t\t\t\t\t\t\t\t<div class=\"elementor-button-wrapper\">\n\t\t\t\t\t<a class=\"elementor-button elementor-button-link elementor-size-sm\" href=\"\/trading\/\">\n\t\t\t\t\t\t<span class=\"elementor-button-content-wrapper\">\n\t\t\t\t\t\t\t\t\t<span class=\"elementor-button-text\">L\u00e6s mere<\/span>\n\t\t\t\t\t<\/span>\n\t\t\t\t\t<\/a>\n\t\t\t\t<\/div>\n\t\t\t\t\t\t\t\t<\/div>\n\t\t\t\t<\/div>\n\t\t\t\t<\/article>\n\t\t\t\t<\/section>\n\t\t<section class=\"elementor-element elementor-element-08d2386 e-con-full e-flex e-con e-parent\" data-id=\"08d2386\" data-element_type=\"container\" data-e-type=\"container\">\n\t\t\t\t<div class=\"elementor-element elementor-element-abcaf83 elementor-widget elementor-widget-heading\" data-id=\"abcaf83\" data-element_type=\"widget\" data-e-type=\"widget\" data-widget_type=\"heading.default\">\n\t\t\t\t<div class=\"elementor-widget-container\">\n\t\t\t\t\t<h2 class=\"elementor-heading-title elementor-size-default\">Vores brands<\/h2>\t\t\t\t<\/div>\n\t\t\t\t<\/div>\n\t\t<div class=\"elementor-element elementor-element-af481b2 e-con-full e-flex e-con e-child\" data-id=\"af481b2\" data-element_type=\"container\" data-e-type=\"container\">\n\t\t\t\t<div class=\"elementor-element elementor-element-60326a2 elementor-widget elementor-widget-image\" data-id=\"60326a2\" data-element_type=\"widget\" data-e-type=\"widget\" data-widget_type=\"image.default\">\n\t\t\t\t<div class=\"elementor-widget-container\">\n\t\t\t\t\t\t\t\t\t\t\t\t\t\t\t\t<a href=\"https:\/\/ama-tips.dk\/\" target=\"_blank\">\n\t\t\t\t\t\t\t<img loading=\"lazy\" decoding=\"async\" loading=\"lazy\" width=\"300\" height=\"300\" src=\"https:\/\/vigorous-meitner.89-188-72-178.plesk.page\/wp-content\/uploads\/2025\/07\/ama-logo-bew.png\" class=\"attachment-large size-large wp-image-4856\" alt=\"\" srcset=\"https:\/\/vigorous-meitner.89-188-72-178.plesk.page\/wp-content\/uploads\/2025\/07\/ama-logo-bew.png 300w, https:\/\/vigorous-meitner.89-188-72-178.plesk.page\/wp-content\/uploads\/2025\/07\/ama-logo-bew-150x150.png 150w\" sizes=\"auto, (max-width: 300px) 100vw, 300px\" \/>\t\t\t\t\t\t\t\t<\/a>\n\t\t\t\t\t\t\t\t\t\t\t\t\t\t\t<\/div>\n\t\t\t\t<\/div>\n\t\t\t\t<div class=\"elementor-element elementor-element-c1f0e86 elementor-widget elementor-widget-image\" data-id=\"c1f0e86\" data-element_type=\"widget\" data-e-type=\"widget\" data-widget_type=\"image.default\">\n\t\t\t\t<div class=\"elementor-widget-container\">\n\t\t\t\t\t\t\t\t\t\t\t\t\t\t\t\t<a href=\"https:\/\/bakkedal.info\/\" target=\"_blank\">\n\t\t\t\t\t\t\t<img loading=\"lazy\" decoding=\"async\" loading=\"lazy\" width=\"300\" height=\"300\" src=\"https:\/\/vigorous-meitner.89-188-72-178.plesk.page\/wp-content\/uploads\/2025\/07\/bakkedal-logo-new.png\" class=\"attachment-large size-large wp-image-4859\" alt=\"\" srcset=\"https:\/\/vigorous-meitner.89-188-72-178.plesk.page\/wp-content\/uploads\/2025\/07\/bakkedal-logo-new.png 300w, https:\/\/vigorous-meitner.89-188-72-178.plesk.page\/wp-content\/uploads\/2025\/07\/bakkedal-logo-new-150x150.png 150w\" sizes=\"auto, (max-width: 300px) 100vw, 300px\" \/>\t\t\t\t\t\t\t\t<\/a>\n\t\t\t\t\t\t\t\t\t\t\t\t\t\t\t<\/div>\n\t\t\t\t<\/div>\n\t\t\t\t<div class=\"elementor-element elementor-element-8c43789 elementor-widget elementor-widget-image\" data-id=\"8c43789\" data-element_type=\"widget\" data-e-type=\"widget\" data-widget_type=\"image.default\">\n\t\t\t\t<div class=\"elementor-widget-container\">\n\t\t\t\t\t\t\t\t\t\t\t\t\t\t\t\t<a href=\"https:\/\/vigorous-meitner.89-188-72-178.plesk.page\/bedstemors-bedste-opskrift\/\">\n\t\t\t\t\t\t\t<img loading=\"lazy\" decoding=\"async\" loading=\"lazy\" width=\"300\" height=\"300\" src=\"https:\/\/vigorous-meitner.89-188-72-178.plesk.page\/wp-content\/uploads\/2025\/07\/bedstemors-logo-new.png\" class=\"attachment-large size-large wp-image-4862\" alt=\"\" srcset=\"https:\/\/vigorous-meitner.89-188-72-178.plesk.page\/wp-content\/uploads\/2025\/07\/bedstemors-logo-new.png 300w, https:\/\/vigorous-meitner.89-188-72-178.plesk.page\/wp-content\/uploads\/2025\/07\/bedstemors-logo-new-150x150.png 150w\" sizes=\"auto, (max-width: 300px) 100vw, 300px\" \/>\t\t\t\t\t\t\t\t<\/a>\n\t\t\t\t\t\t\t\t\t\t\t\t\t\t\t<\/div>\n\t\t\t\t<\/div>\n\t\t\t\t<div class=\"elementor-element elementor-element-929baf1 elementor-widget elementor-widget-image\" data-id=\"929baf1\" data-element_type=\"widget\" data-e-type=\"widget\" data-widget_type=\"image.default\">\n\t\t\t\t<div class=\"elementor-widget-container\">\n\t\t\t\t\t\t\t\t\t\t\t\t\t\t\t\t<a href=\"https:\/\/www.naturli-foods.dk\/\" target=\"_blank\">\n\t\t\t\t\t\t\t<img loading=\"lazy\" decoding=\"async\" loading=\"lazy\" width=\"300\" height=\"300\" src=\"https:\/\/vigorous-meitner.89-188-72-178.plesk.page\/wp-content\/uploads\/2025\/07\/naturli-logo-new.png\" class=\"attachment-large size-large wp-image-4871\" alt=\"\" srcset=\"https:\/\/vigorous-meitner.89-188-72-178.plesk.page\/wp-content\/uploads\/2025\/07\/naturli-logo-new.png 300w, https:\/\/vigorous-meitner.89-188-72-178.plesk.page\/wp-content\/uploads\/2025\/07\/naturli-logo-new-150x150.png 150w\" sizes=\"auto, (max-width: 300px) 100vw, 300px\" \/>\t\t\t\t\t\t\t\t<\/a>\n\t\t\t\t\t\t\t\t\t\t\t\t\t\t\t<\/div>\n\t\t\t\t<\/div>\n\t\t\t\t<\/div>\n\t\t<div class=\"elementor-element elementor-element-f5f0e83 e-con-full e-flex e-con e-child\" data-id=\"f5f0e83\" data-element_type=\"container\" data-e-type=\"container\">\n\t\t\t\t<div class=\"elementor-element elementor-element-5b2b352 elementor-widget elementor-widget-image\" data-id=\"5b2b352\" data-element_type=\"widget\" data-e-type=\"widget\" data-widget_type=\"image.default\">\n\t\t\t\t<div class=\"elementor-widget-container\">\n\t\t\t\t\t\t\t\t\t\t\t\t\t\t\t\t<a href=\"\/icebakers\/\">\n\t\t\t\t\t\t\t<img loading=\"lazy\" decoding=\"async\" loading=\"lazy\" width=\"300\" height=\"300\" src=\"https:\/\/vigorous-meitner.89-188-72-178.plesk.page\/wp-content\/uploads\/2025\/07\/icebakers-logo-new.png\" class=\"attachment-large size-large wp-image-4868\" alt=\"\" srcset=\"https:\/\/vigorous-meitner.89-188-72-178.plesk.page\/wp-content\/uploads\/2025\/07\/icebakers-logo-new.png 300w, https:\/\/vigorous-meitner.89-188-72-178.plesk.page\/wp-content\/uploads\/2025\/07\/icebakers-logo-new-150x150.png 150w\" sizes=\"auto, (max-width: 300px) 100vw, 300px\" \/>\t\t\t\t\t\t\t\t<\/a>\n\t\t\t\t\t\t\t\t\t\t\t\t\t\t\t<\/div>\n\t\t\t\t<\/div>\n\t\t\t\t<div class=\"elementor-element elementor-element-1060d57 elementor-widget elementor-widget-image\" data-id=\"1060d57\" data-element_type=\"widget\" data-e-type=\"widget\" data-widget_type=\"image.default\">\n\t\t\t\t<div class=\"elementor-widget-container\">\n\t\t\t\t\t\t\t\t\t\t\t\t\t\t\t<img loading=\"lazy\" decoding=\"async\" loading=\"lazy\" width=\"300\" height=\"300\" src=\"https:\/\/vigorous-meitner.89-188-72-178.plesk.page\/wp-content\/uploads\/2025\/07\/dragsbaek-logo-new.png\" class=\"attachment-large size-large wp-image-4865\" alt=\"\" srcset=\"https:\/\/vigorous-meitner.89-188-72-178.plesk.page\/wp-content\/uploads\/2025\/07\/dragsbaek-logo-new.png 300w, https:\/\/vigorous-meitner.89-188-72-178.plesk.page\/wp-content\/uploads\/2025\/07\/dragsbaek-logo-new-150x150.png 150w\" sizes=\"auto, (max-width: 300px) 100vw, 300px\" \/>\t\t\t\t\t\t\t\t\t\t\t\t\t\t\t<\/div>\n\t\t\t\t<\/div>\n\t\t\t\t<div class=\"elementor-element elementor-element-559e0e3 elementor-widget elementor-widget-image\" data-id=\"559e0e3\" data-element_type=\"widget\" data-e-type=\"widget\" data-widget_type=\"image.default\">\n\t\t\t\t<div class=\"elementor-widget-container\">\n\t\t\t\t\t\t\t\t\t\t\t\t\t\t\t\t<a href=\"\/pastella\/\">\n\t\t\t\t\t\t\t<img loading=\"lazy\" decoding=\"async\" loading=\"lazy\" width=\"300\" height=\"300\" src=\"https:\/\/vigorous-meitner.89-188-72-178.plesk.page\/wp-content\/uploads\/2025\/07\/pastella-logo-new.png\" class=\"attachment-large size-large wp-image-4874\" alt=\"\" srcset=\"https:\/\/vigorous-meitner.89-188-72-178.plesk.page\/wp-content\/uploads\/2025\/07\/pastella-logo-new.png 300w, https:\/\/vigorous-meitner.89-188-72-178.plesk.page\/wp-content\/uploads\/2025\/07\/pastella-logo-new-150x150.png 150w\" sizes=\"auto, (max-width: 300px) 100vw, 300px\" \/>\t\t\t\t\t\t\t\t<\/a>\n\t\t\t\t\t\t\t\t\t\t\t\t\t\t\t<\/div>\n\t\t\t\t<\/div>\n\t\t\t\t<div class=\"elementor-element elementor-element-4ed980a elementor-hidden-mobile elementor-widget elementor-widget-image\" data-id=\"4ed980a\" data-element_type=\"widget\" data-e-type=\"widget\" data-widget_type=\"image.default\">\n\t\t\t\t<div class=\"elementor-widget-container\">\n\t\t\t\t\t\t\t\t\t\t\t\t\t\t\t<img loading=\"lazy\" decoding=\"async\" loading=\"lazy\" width=\"300\" height=\"300\" src=\"https:\/\/vigorous-meitner.89-188-72-178.plesk.page\/wp-content\/uploads\/2025\/07\/no-logo.png\" class=\"attachment-large size-large wp-image-4883\" alt=\"\" srcset=\"https:\/\/vigorous-meitner.89-188-72-178.plesk.page\/wp-content\/uploads\/2025\/07\/no-logo.png 300w, https:\/\/vigorous-meitner.89-188-72-178.plesk.page\/wp-content\/uploads\/2025\/07\/no-logo-150x150.png 150w\" sizes=\"auto, (max-width: 300px) 100vw, 300px\" \/>\t\t\t\t\t\t\t\t\t\t\t\t\t\t\t<\/div>\n\t\t\t\t<\/div>\n\t\t\t\t<\/div>\n\t\t\t\t<div class=\"elementor-element elementor-element-6879678 elementor-align-center elementor-widget elementor-widget-button\" data-id=\"6879678\" data-element_type=\"widget\" data-e-type=\"widget\" data-widget_type=\"button.default\">\n\t\t\t\t<div class=\"elementor-widget-container\">\n\t\t\t\t\t\t\t\t\t<div class=\"elementor-button-wrapper\">\n\t\t\t\t\t<a class=\"elementor-button elementor-button-link elementor-size-sm\" href=\"\/brands\/\">\n\t\t\t\t\t\t<span class=\"elementor-button-content-wrapper\">\n\t\t\t\t\t\t\t\t\t<span class=\"elementor-button-text\">Mere info<\/span>\n\t\t\t\t\t<\/span>\n\t\t\t\t\t<\/a>\n\t\t\t\t<\/div>\n\t\t\t\t\t\t\t\t<\/div>\n\t\t\t\t<\/div>\n\t\t\t\t<\/section>\n\t\t\t\t<\/div>\n\t\t","protected":false},"excerpt":{"rendered":"<p>Taste the future LEADING THE WAY SINCE 1923 Dragsb\u00e6k er&nbsp;en ledende producent og leverand\u00f8r p\u00e5 det nordiske marked, med ekspertise indenfor plante- og hybridprodukter i mejeri, &nbsp;til b\u00e5de private og professionelle. Beverage &amp; Nutrition Dragsb\u00e6k er en f\u00f8rende leverand\u00f8r af plantedrikke, med verdensklasse produktion lokalt i Jylland. Vi har ambiti\u00f8se v\u00e6kstplaner med et \u00f8nske om [&hellip;]<\/p>\n","protected":false},"author":2,"featured_media":0,"parent":0,"menu_order":0,"comment_status":"closed","ping_status":"closed","template":"","meta":{"_acf_changed":false,"inline_featured_image":false,"footnotes":""},"class_list":["post-13","page","type-page","status-publish","hentry"],"acf":[],"_links":{"self":[{"href":"https:\/\/vigorous-meitner.89-188-72-178.plesk.page\/index.php?rest_route=\/wp\/v2\/pages\/13","targetHints":{"allow":["GET"]}}],"collection":[{"href":"https:\/\/vigorous-meitner.89-188-72-178.plesk.page\/index.php?rest_route=\/wp\/v2\/pages"}],"about":[{"href":"https:\/\/vigorous-meitner.89-188-72-178.plesk.page\/index.php?rest_route=\/wp\/v2\/types\/page"}],"author":[{"embeddable":true,"href":"https:\/\/vigorous-meitner.89-188-72-178.plesk.page\/index.php?rest_route=\/wp\/v2\/users\/2"}],"replies":[{"embeddable":true,"href":"https:\/\/vigorous-meitner.89-188-72-178.plesk.page\/index.php?rest_route=%2Fwp%2Fv2%2Fcomments&post=13"}],"version-history":[{"count":11,"href":"https:\/\/vigorous-meitner.89-188-72-178.plesk.page\/index.php?rest_route=\/wp\/v2\/pages\/13\/revisions"}],"predecessor-version":[{"id":5543,"href":"https:\/\/vigorous-meitner.89-188-72-178.plesk.page\/index.php?rest_route=\/wp\/v2\/pages\/13\/revisions\/5543"}],"wp:attachment":[{"href":"https:\/\/vigorous-meitner.89-188-72-178.plesk.page\/index.php?rest_route=%2Fwp%2Fv2%2Fmedia&parent=13"}],"curies":[{"name":"wp","href":"https:\/\/api.w.org\/{rel}","templated":true}]}}